{"id":32130,"date":"2025-12-10T20:30:50","date_gmt":"2025-12-10T18:30:50","guid":{"rendered":"https:\/\/shop.vallin.lv\/product\/spacer-frame-anthracite\/"},"modified":"2026-04-16T14:23:20","modified_gmt":"2026-04-16T12:23:20","slug":"spacer-frame-anthracite","status":"publish","type":"product","link":"https:\/\/shop.vallin.lv\/lt\/produktas\/spacer-frame-anthracite\/","title":{"rendered":"Tarpin\u0117s r\u0117mas, antracitas"},"content":{"rendered":"<p>Spacer frame for flexible installation, cable entry possible from below, side, and above, more space for cable routing<\/p>\n<p><a href=\"https:\/\/www.theben.de\/product\/9080032\" target=\"_blank\" rel=\"noopener\">Daugiau informacijos<\/a><\/p>\n<p>Duomen\u0173 lapas:<br \/>\n<a href=\"https:\/\/www.theben.de\/product\/9080032\/datasheet\" target=\"_blank\" rel=\"noopener\">Per\u017ei\u016br\u0117ti<\/a><\/p>","protected":false},"excerpt":{"rendered":"<p>Spacer frame for flexible installation, cable entry possible from below, side, and above, more space for cable routing More information<\/p>","protected":false},"featured_media":32130,"template":"","meta":[],"product_brand":[],"product_cat":[894],"product_tag":[],"class_list":{"0":"post-32130","1":"product","2":"type-product","3":"status-publish","4":"has-post-thumbnail","6":"product_cat-wallmounted-outdoor-presence-and-motion-sensors","8":"first","9":"outofstock","10":"taxable","11":"shipping-taxable","12":"purchasable","13":"product-type-simple"},"_links":{"self":[{"href":"https:\/\/shop.vallin.lv\/lt\/wp-json\/wp\/v2\/product\/32130","targetHints":{"allow":["GET"]}}],"collection":[{"href":"https:\/\/shop.vallin.lv\/lt\/wp-json\/wp\/v2\/product"}],"about":[{"href":"https:\/\/shop.vallin.lv\/lt\/wp-json\/wp\/v2\/types\/product"}],"version-history":[{"count":3,"href":"https:\/\/shop.vallin.lv\/lt\/wp-json\/wp\/v2\/product\/32130\/revisions"}],"predecessor-version":[{"id":68658,"href":"https:\/\/shop.vallin.lv\/lt\/wp-json\/wp\/v2\/product\/32130\/revisions\/68658"}],"wp:featuredmedia":[{"embeddable":true,"href":"https:\/\/shop.vallin.lv\/lt\/wp-json\/wp\/v2\/product\/32130"}],"wp:attachment":[{"href":"https:\/\/shop.vallin.lv\/lt\/wp-json\/wp\/v2\/media?parent=32130"}],"wp:term":[{"taxonomy":"product_brand","embeddable":true,"href":"https:\/\/shop.vallin.lv\/lt\/wp-json\/wp\/v2\/product_brand?post=32130"},{"taxonomy":"product_cat","embeddable":true,"href":"https:\/\/shop.vallin.lv\/lt\/wp-json\/wp\/v2\/product_cat?post=32130"},{"taxonomy":"product_tag","embeddable":true,"href":"https:\/\/shop.vallin.lv\/lt\/wp-json\/wp\/v2\/product_tag?post=32130"}],"curies":[{"name":"wp","href":"https:\/\/api.w.org\/{rel}","templated":true}]}}