{"id":32128,"date":"2025-12-10T20:30:49","date_gmt":"2025-12-10T18:30:49","guid":{"rendered":"https:\/\/shop.vallin.lv\/product\/double-rocker-switch-white-push-button-actuator-modules\/"},"modified":"2026-04-16T14:20:39","modified_gmt":"2026-04-16T12:20:39","slug":"double-rocker-switch-white-push-button-actuator-modules","status":"publish","type":"product","link":"https:\/\/shop.vallin.lv\/lt\/produktas\/double-rocker-switch-white-push-button-actuator-modules\/","title":{"rendered":"Dvigubas svirtinis jungiklis, baltas \u2013 mygtukinio aktyvatoriaus moduliai"},"content":{"rendered":"<p>Double rocker switch, white, for KNX and LUXORliving push-button actuator modules<\/p>\n<p><a href=\"https:\/\/www.theben.de\/product\/9080027\" target=\"_blank\" rel=\"noopener\">Daugiau informacijos<\/a><\/p>\n<p>Duomen\u0173 lapas:<br \/>\n<a href=\"https:\/\/www.theben.de\/product\/9080027\/datasheet\" target=\"_blank\" rel=\"noopener\">Per\u017ei\u016br\u0117ti<\/a><\/p>","protected":false},"excerpt":{"rendered":"<p>Double rocker switch, white, for KNX and LUXORliving push-button actuator modules More information Data Sheet: View<\/p>","protected":false},"featured_media":32128,"template":"","meta":[],"product_brand":[],"product_cat":[824],"product_tag":[],"class_list":{"0":"post-32128","1":"product","2":"type-product","3":"status-publish","4":"has-post-thumbnail","6":"product_cat-push-buttons","8":"first","9":"outofstock","10":"taxable","11":"shipping-taxable","12":"purchasable","13":"product-type-simple"},"_links":{"self":[{"href":"https:\/\/shop.vallin.lv\/lt\/wp-json\/wp\/v2\/product\/32128","targetHints":{"allow":["GET"]}}],"collection":[{"href":"https:\/\/shop.vallin.lv\/lt\/wp-json\/wp\/v2\/product"}],"about":[{"href":"https:\/\/shop.vallin.lv\/lt\/wp-json\/wp\/v2\/types\/product"}],"version-history":[{"count":3,"href":"https:\/\/shop.vallin.lv\/lt\/wp-json\/wp\/v2\/product\/32128\/revisions"}],"predecessor-version":[{"id":68656,"href":"https:\/\/shop.vallin.lv\/lt\/wp-json\/wp\/v2\/product\/32128\/revisions\/68656"}],"wp:featuredmedia":[{"embeddable":true,"href":"https:\/\/shop.vallin.lv\/lt\/wp-json\/wp\/v2\/product\/32128"}],"wp:attachment":[{"href":"https:\/\/shop.vallin.lv\/lt\/wp-json\/wp\/v2\/media?parent=32128"}],"wp:term":[{"taxonomy":"product_brand","embeddable":true,"href":"https:\/\/shop.vallin.lv\/lt\/wp-json\/wp\/v2\/product_brand?post=32128"},{"taxonomy":"product_cat","embeddable":true,"href":"https:\/\/shop.vallin.lv\/lt\/wp-json\/wp\/v2\/product_cat?post=32128"},{"taxonomy":"product_tag","embeddable":true,"href":"https:\/\/shop.vallin.lv\/lt\/wp-json\/wp\/v2\/product_tag?post=32128"}],"curies":[{"name":"wp","href":"https:\/\/api.w.org\/{rel}","templated":true}]}}