{"id":32127,"date":"2025-12-10T20:30:47","date_gmt":"2025-12-10T18:30:47","guid":{"rendered":"https:\/\/shop.vallin.lv\/product\/single-rocker-switch-white-push-button-actuator-modules\/"},"modified":"2026-04-16T14:23:49","modified_gmt":"2026-04-16T12:23:49","slug":"single-rocker-switch-white-push-button-actuator-modules","status":"publish","type":"product","link":"https:\/\/shop.vallin.lv\/lt\/produktas\/single-rocker-switch-white-push-button-actuator-modules\/","title":{"rendered":"Vieno svirtinio jungiklio, baltos spalvos mygtuko pavaros moduliai"},"content":{"rendered":"<p>Single rocker switch, white, for push button actuator modules KNX and LUXORliving<\/p>\n<p><a href=\"https:\/\/www.theben.de\/product\/9080026\" target=\"_blank\" rel=\"noopener\">Daugiau informacijos<\/a><\/p>\n<p>Duomen\u0173 lapas:<br \/>\n<a href=\"https:\/\/www.theben.de\/product\/9080026\/datasheet\" target=\"_blank\" rel=\"noopener\">Per\u017ei\u016br\u0117ti<\/a><\/p>","protected":false},"excerpt":{"rendered":"<p>Single rocker switch, white, for push button actuator modules KNX and LUXORliving More information Data Sheet: View<\/p>","protected":false},"featured_media":32127,"template":"","meta":[],"product_brand":[],"product_cat":[824],"product_tag":[],"class_list":{"0":"post-32127","1":"product","2":"type-product","3":"status-publish","4":"has-post-thumbnail","6":"product_cat-push-buttons","8":"first","9":"outofstock","10":"taxable","11":"shipping-taxable","12":"purchasable","13":"product-type-simple"},"_links":{"self":[{"href":"https:\/\/shop.vallin.lv\/lt\/wp-json\/wp\/v2\/product\/32127","targetHints":{"allow":["GET"]}}],"collection":[{"href":"https:\/\/shop.vallin.lv\/lt\/wp-json\/wp\/v2\/product"}],"about":[{"href":"https:\/\/shop.vallin.lv\/lt\/wp-json\/wp\/v2\/types\/product"}],"version-history":[{"count":3,"href":"https:\/\/shop.vallin.lv\/lt\/wp-json\/wp\/v2\/product\/32127\/revisions"}],"predecessor-version":[{"id":68655,"href":"https:\/\/shop.vallin.lv\/lt\/wp-json\/wp\/v2\/product\/32127\/revisions\/68655"}],"wp:featuredmedia":[{"embeddable":true,"href":"https:\/\/shop.vallin.lv\/lt\/wp-json\/wp\/v2\/product\/32127"}],"wp:attachment":[{"href":"https:\/\/shop.vallin.lv\/lt\/wp-json\/wp\/v2\/media?parent=32127"}],"wp:term":[{"taxonomy":"product_brand","embeddable":true,"href":"https:\/\/shop.vallin.lv\/lt\/wp-json\/wp\/v2\/product_brand?post=32127"},{"taxonomy":"product_cat","embeddable":true,"href":"https:\/\/shop.vallin.lv\/lt\/wp-json\/wp\/v2\/product_cat?post=32127"},{"taxonomy":"product_tag","embeddable":true,"href":"https:\/\/shop.vallin.lv\/lt\/wp-json\/wp\/v2\/product_tag?post=32127"}],"curies":[{"name":"wp","href":"https:\/\/api.w.org\/{rel}","templated":true}]}}