{"id":32108,"date":"2025-12-10T20:30:38","date_gmt":"2025-12-10T18:30:38","guid":{"rendered":"https:\/\/shop.vallin.lv\/product\/surface-mounted-frame-motion-detector\/"},"modified":"2026-04-16T14:23:33","modified_gmt":"2026-04-16T12:23:33","slug":"surface-mounted-frame-motion-detector","status":"publish","type":"product","link":"https:\/\/shop.vallin.lv\/lt\/produktas\/surface-mounted-frame-motion-detector\/","title":{"rendered":"Pavir\u0161iuje montuojamas r\u0117mas Judesio detektorius"},"content":{"rendered":"<p>Surface-mounted frame for LUXA 103-100 UA, white<\/p>\n<p><a href=\"https:\/\/www.theben.de\/product\/9070986\" target=\"_blank\" rel=\"noopener\">Daugiau informacijos<\/a><\/p>\n<p>Duomen\u0173 lapas:<br \/>\n<a href=\"https:\/\/www.theben.de\/product\/9070986\/datasheet\" target=\"_blank\" rel=\"noopener\">Per\u017ei\u016br\u0117ti<\/a><\/p>","protected":false},"excerpt":{"rendered":"<p>Surface-mounted frame for LUXA 103-100 UA, white More information Data Sheet: View<\/p>","protected":false},"featured_media":32108,"template":"","meta":[],"product_brand":[],"product_cat":[892],"product_tag":[],"class_list":{"0":"post-32108","1":"product","2":"type-product","3":"status-publish","4":"has-post-thumbnail","6":"product_cat-ceilingmounted-indoor-presence-and-motion-sensors","8":"first","9":"instock","10":"taxable","11":"shipping-taxable","12":"purchasable","13":"product-type-simple"},"_links":{"self":[{"href":"https:\/\/shop.vallin.lv\/lt\/wp-json\/wp\/v2\/product\/32108","targetHints":{"allow":["GET"]}}],"collection":[{"href":"https:\/\/shop.vallin.lv\/lt\/wp-json\/wp\/v2\/product"}],"about":[{"href":"https:\/\/shop.vallin.lv\/lt\/wp-json\/wp\/v2\/types\/product"}],"version-history":[{"count":3,"href":"https:\/\/shop.vallin.lv\/lt\/wp-json\/wp\/v2\/product\/32108\/revisions"}],"predecessor-version":[{"id":68636,"href":"https:\/\/shop.vallin.lv\/lt\/wp-json\/wp\/v2\/product\/32108\/revisions\/68636"}],"wp:featuredmedia":[{"embeddable":true,"href":"https:\/\/shop.vallin.lv\/lt\/wp-json\/wp\/v2\/product\/32108"}],"wp:attachment":[{"href":"https:\/\/shop.vallin.lv\/lt\/wp-json\/wp\/v2\/media?parent=32108"}],"wp:term":[{"taxonomy":"product_brand","embeddable":true,"href":"https:\/\/shop.vallin.lv\/lt\/wp-json\/wp\/v2\/product_brand?post=32108"},{"taxonomy":"product_cat","embeddable":true,"href":"https:\/\/shop.vallin.lv\/lt\/wp-json\/wp\/v2\/product_cat?post=32108"},{"taxonomy":"product_tag","embeddable":true,"href":"https:\/\/shop.vallin.lv\/lt\/wp-json\/wp\/v2\/product_tag?post=32108"}],"curies":[{"name":"wp","href":"https:\/\/api.w.org\/{rel}","templated":true}]}}