{"id":32080,"date":"2025-12-10T20:30:23","date_gmt":"2025-12-10T18:30:23","guid":{"rendered":"https:\/\/shop.vallin.lv\/product\/corner-mounting-bracket-theluxa-white\/"},"modified":"2026-04-16T14:22:23","modified_gmt":"2026-04-16T12:22:23","slug":"corner-mounting-bracket-theluxa-white","status":"publish","type":"product","link":"https:\/\/shop.vallin.lv\/lt\/produktas\/corner-mounting-bracket-theluxa-white\/","title":{"rendered":"Kampinis Tvirtinimas kron\u0161teinas theLuxa, baltas"},"content":{"rendered":"<p>For detecting movement on two sides of the house with one motion detector, installation in the corner of the house, surface or flush-mounted wiring, also suitable for installation on downpipes<\/p>\n<p><a href=\"https:\/\/www.theben.de\/product\/9070902\" target=\"_blank\" rel=\"noopener\">Daugiau informacijos<\/a><\/p>\n<p>Duomen\u0173 lapas:<br \/>\n<a href=\"https:\/\/www.theben.de\/product\/9070902\/datasheet\" target=\"_blank\" rel=\"noopener\">Per\u017ei\u016br\u0117ti<\/a><\/p>","protected":false},"excerpt":{"rendered":"<p>For detecting movement on two sides of the house with one motion detector, installation in the corner of the house,<\/p>","protected":false},"featured_media":32080,"template":"","meta":[],"product_brand":[],"product_cat":[894],"product_tag":[],"class_list":{"0":"post-32080","1":"product","2":"type-product","3":"status-publish","4":"has-post-thumbnail","6":"product_cat-wallmounted-outdoor-presence-and-motion-sensors","8":"first","9":"outofstock","10":"taxable","11":"shipping-taxable","12":"purchasable","13":"product-type-simple"},"_links":{"self":[{"href":"https:\/\/shop.vallin.lv\/lt\/wp-json\/wp\/v2\/product\/32080","targetHints":{"allow":["GET"]}}],"collection":[{"href":"https:\/\/shop.vallin.lv\/lt\/wp-json\/wp\/v2\/product"}],"about":[{"href":"https:\/\/shop.vallin.lv\/lt\/wp-json\/wp\/v2\/types\/product"}],"version-history":[{"count":3,"href":"https:\/\/shop.vallin.lv\/lt\/wp-json\/wp\/v2\/product\/32080\/revisions"}],"predecessor-version":[{"id":68608,"href":"https:\/\/shop.vallin.lv\/lt\/wp-json\/wp\/v2\/product\/32080\/revisions\/68608"}],"wp:featuredmedia":[{"embeddable":true,"href":"https:\/\/shop.vallin.lv\/lt\/wp-json\/wp\/v2\/product\/32080"}],"wp:attachment":[{"href":"https:\/\/shop.vallin.lv\/lt\/wp-json\/wp\/v2\/media?parent=32080"}],"wp:term":[{"taxonomy":"product_brand","embeddable":true,"href":"https:\/\/shop.vallin.lv\/lt\/wp-json\/wp\/v2\/product_brand?post=32080"},{"taxonomy":"product_cat","embeddable":true,"href":"https:\/\/shop.vallin.lv\/lt\/wp-json\/wp\/v2\/product_cat?post=32080"},{"taxonomy":"product_tag","embeddable":true,"href":"https:\/\/shop.vallin.lv\/lt\/wp-json\/wp\/v2\/product_tag?post=32080"}],"curies":[{"name":"wp","href":"https:\/\/api.w.org\/{rel}","templated":true}]}}