{"id":32078,"date":"2025-12-10T20:30:22","date_gmt":"2025-12-10T18:30:22","guid":{"rendered":"https:\/\/shop.vallin.lv\/product\/line-coupler-knx\/"},"modified":"2026-04-16T14:21:34","modified_gmt":"2026-04-16T12:21:34","slug":"line-coupler-knx","status":"publish","type":"product","link":"https:\/\/shop.vallin.lv\/lt\/produktas\/line-coupler-knx\/","title":{"rendered":"Linijin\u0117 sankaba KNX"},"content":{"rendered":"<p>Line coupler KNX, bus connection terminals for main line and subordinate line, galvanic isolation of lines, can be used as a line amplifier (repeater) within the line, 2 TE<\/p>\n<p><a href=\"https:\/\/www.theben.de\/product\/9070880\" target=\"_blank\" rel=\"noopener\">Daugiau informacijos<\/a><\/p>\n<p>Duomen\u0173 lapas:<br \/>\n<a href=\"https:\/\/www.theben.de\/product\/9070880\/datasheet\" target=\"_blank\" rel=\"noopener\">Per\u017ei\u016br\u0117ti<\/a><\/p>","protected":false},"excerpt":{"rendered":"<p>Line coupler KNX, bus connection terminals for main line and subordinate line, galvanic isolation of lines, can be used as<\/p>","protected":false},"featured_media":32078,"template":"","meta":[],"product_brand":[],"product_cat":[825],"product_tag":[],"class_list":{"0":"post-32078","1":"product","2":"type-product","3":"status-publish","4":"has-post-thumbnail","6":"product_cat-system-devices-and-kits","8":"first","9":"outofstock","10":"taxable","11":"shipping-taxable","12":"product-type-simple"},"_links":{"self":[{"href":"https:\/\/shop.vallin.lv\/lt\/wp-json\/wp\/v2\/product\/32078","targetHints":{"allow":["GET"]}}],"collection":[{"href":"https:\/\/shop.vallin.lv\/lt\/wp-json\/wp\/v2\/product"}],"about":[{"href":"https:\/\/shop.vallin.lv\/lt\/wp-json\/wp\/v2\/types\/product"}],"version-history":[{"count":3,"href":"https:\/\/shop.vallin.lv\/lt\/wp-json\/wp\/v2\/product\/32078\/revisions"}],"predecessor-version":[{"id":68606,"href":"https:\/\/shop.vallin.lv\/lt\/wp-json\/wp\/v2\/product\/32078\/revisions\/68606"}],"wp:featuredmedia":[{"embeddable":true,"href":"https:\/\/shop.vallin.lv\/lt\/wp-json\/wp\/v2\/product\/32078"}],"wp:attachment":[{"href":"https:\/\/shop.vallin.lv\/lt\/wp-json\/wp\/v2\/media?parent=32078"}],"wp:term":[{"taxonomy":"product_brand","embeddable":true,"href":"https:\/\/shop.vallin.lv\/lt\/wp-json\/wp\/v2\/product_brand?post=32078"},{"taxonomy":"product_cat","embeddable":true,"href":"https:\/\/shop.vallin.lv\/lt\/wp-json\/wp\/v2\/product_cat?post=32078"},{"taxonomy":"product_tag","embeddable":true,"href":"https:\/\/shop.vallin.lv\/lt\/wp-json\/wp\/v2\/product_tag?post=32078"}],"curies":[{"name":"wp","href":"https:\/\/api.w.org\/{rel}","templated":true}]}}