{"id":32076,"date":"2025-12-10T20:30:21","date_gmt":"2025-12-10T18:30:21","guid":{"rendered":"https:\/\/shop.vallin.lv\/product\/for-mounting-two-ion-touch-sensors-black\/"},"modified":"2026-04-16T14:20:40","modified_gmt":"2026-04-16T12:20:40","slug":"for-mounting-two-ion-touch-sensors-black","status":"publish","type":"product","link":"https:\/\/shop.vallin.lv\/lt\/produktas\/for-mounting-two-ion-touch-sensors-black\/","title":{"rendered":"Dviej\u0173 jutiklini\u0173 jutiklini\u0173 jutikli\u0173 montavimui, juodas"},"content":{"rendered":"<p>For mounting two iON push button sensors on a standard double socket (standard combination spacing 71 mm), black<\/p>\n<p><a href=\"https:\/\/www.theben.de\/product\/9070855\" target=\"_blank\" rel=\"noopener\">Daugiau informacijos<\/a><\/p>\n<p>Duomen\u0173 lapas:<br \/>\n<a href=\"https:\/\/www.theben.de\/product\/9070855\/datasheet\" target=\"_blank\" rel=\"noopener\">Per\u017ei\u016br\u0117ti<\/a><\/p>","protected":false},"excerpt":{"rendered":"<p>For mounting two iON push button sensors on a standard double socket (standard combination spacing 71 mm), black More information<\/p>","protected":false},"featured_media":32076,"template":"","meta":[],"product_brand":[],"product_cat":[824],"product_tag":[],"class_list":{"0":"post-32076","1":"product","2":"type-product","3":"status-publish","4":"has-post-thumbnail","6":"product_cat-push-buttons","8":"first","9":"instock","10":"taxable","11":"shipping-taxable","12":"purchasable","13":"product-type-simple"},"_links":{"self":[{"href":"https:\/\/shop.vallin.lv\/lt\/wp-json\/wp\/v2\/product\/32076","targetHints":{"allow":["GET"]}}],"collection":[{"href":"https:\/\/shop.vallin.lv\/lt\/wp-json\/wp\/v2\/product"}],"about":[{"href":"https:\/\/shop.vallin.lv\/lt\/wp-json\/wp\/v2\/types\/product"}],"version-history":[{"count":3,"href":"https:\/\/shop.vallin.lv\/lt\/wp-json\/wp\/v2\/product\/32076\/revisions"}],"predecessor-version":[{"id":68604,"href":"https:\/\/shop.vallin.lv\/lt\/wp-json\/wp\/v2\/product\/32076\/revisions\/68604"}],"wp:featuredmedia":[{"embeddable":true,"href":"https:\/\/shop.vallin.lv\/lt\/wp-json\/wp\/v2\/product\/32076"}],"wp:attachment":[{"href":"https:\/\/shop.vallin.lv\/lt\/wp-json\/wp\/v2\/media?parent=32076"}],"wp:term":[{"taxonomy":"product_brand","embeddable":true,"href":"https:\/\/shop.vallin.lv\/lt\/wp-json\/wp\/v2\/product_brand?post=32076"},{"taxonomy":"product_cat","embeddable":true,"href":"https:\/\/shop.vallin.lv\/lt\/wp-json\/wp\/v2\/product_cat?post=32076"},{"taxonomy":"product_tag","embeddable":true,"href":"https:\/\/shop.vallin.lv\/lt\/wp-json\/wp\/v2\/product_tag?post=32076"}],"curies":[{"name":"wp","href":"https:\/\/api.w.org\/{rel}","templated":true}]}}