{"id":32059,"date":"2025-12-10T20:30:10","date_gmt":"2025-12-10T18:30:10","guid":{"rendered":"https:\/\/shop.vallin.lv\/product\/remote-controlled-motion-detector-module-for-led-spotlight-theleda-b-white\/"},"modified":"2026-04-16T14:23:23","modified_gmt":"2026-04-16T12:23:23","slug":"remote-controlled-motion-detector-module-for-led-spotlight-theleda-b-white","status":"publish","type":"product","link":"https:\/\/shop.vallin.lv\/lt\/produktas\/remote-controlled-motion-detector-module-for-led-spotlight-theleda-b-white\/","title":{"rendered":"Nuotolinio valdymo judesio detektoriaus modulis LED pro\u017eektorius theLeda B, baltas"},"content":{"rendered":"<p>Remote-controlled motion detector module for theLeda B, white, detection angle 180\u00b0 with 12 m range, additional light switching output, sensor can be rotated \u00b1 90\u00b0 horizontally and 90\u00b0 downwards\/backwards, including remote control theLeda B<\/p>\n<p><a href=\"https:\/\/www.theben.de\/product\/9070800\" target=\"_blank\" rel=\"noopener\">Daugiau informacijos<\/a><\/p>\n<p>Duomen\u0173 lapas:<br \/>\n<a href=\"https:\/\/www.theben.de\/product\/9070800\/datasheet\" target=\"_blank\" rel=\"noopener\">Per\u017ei\u016br\u0117ti<\/a><\/p>","protected":false},"excerpt":{"rendered":"<p>Remote-controlled motion detector module for theLeda B, white, detection angle 180\u00b0 with 12 m range, additional light switching output, sensor<\/p>","protected":false},"featured_media":32059,"template":"","meta":[],"product_brand":[],"product_cat":[879],"product_tag":[],"class_list":{"0":"post-32059","1":"product","2":"type-product","3":"status-publish","4":"has-post-thumbnail","6":"product_cat-leda-b","8":"first","9":"outofstock","10":"taxable","11":"shipping-taxable","12":"purchasable","13":"product-type-simple"},"_links":{"self":[{"href":"https:\/\/shop.vallin.lv\/lt\/wp-json\/wp\/v2\/product\/32059","targetHints":{"allow":["GET"]}}],"collection":[{"href":"https:\/\/shop.vallin.lv\/lt\/wp-json\/wp\/v2\/product"}],"about":[{"href":"https:\/\/shop.vallin.lv\/lt\/wp-json\/wp\/v2\/types\/product"}],"version-history":[{"count":3,"href":"https:\/\/shop.vallin.lv\/lt\/wp-json\/wp\/v2\/product\/32059\/revisions"}],"predecessor-version":[{"id":68587,"href":"https:\/\/shop.vallin.lv\/lt\/wp-json\/wp\/v2\/product\/32059\/revisions\/68587"}],"wp:featuredmedia":[{"embeddable":true,"href":"https:\/\/shop.vallin.lv\/lt\/wp-json\/wp\/v2\/product\/32059"}],"wp:attachment":[{"href":"https:\/\/shop.vallin.lv\/lt\/wp-json\/wp\/v2\/media?parent=32059"}],"wp:term":[{"taxonomy":"product_brand","embeddable":true,"href":"https:\/\/shop.vallin.lv\/lt\/wp-json\/wp\/v2\/product_brand?post=32059"},{"taxonomy":"product_cat","embeddable":true,"href":"https:\/\/shop.vallin.lv\/lt\/wp-json\/wp\/v2\/product_cat?post=32059"},{"taxonomy":"product_tag","embeddable":true,"href":"https:\/\/shop.vallin.lv\/lt\/wp-json\/wp\/v2\/product_tag?post=32059"}],"curies":[{"name":"wp","href":"https:\/\/api.w.org\/{rel}","templated":true}]}}