{"id":32052,"date":"2025-12-10T20:30:03","date_gmt":"2025-12-10T18:30:03","guid":{"rendered":"https:\/\/shop.vallin.lv\/product\/compensation-frame-45a-jas-wh-white\/"},"modified":"2026-04-16T14:21:01","modified_gmt":"2026-04-16T12:21:01","slug":"compensation-frame-45a-jas-wh-white","status":"publish","type":"product","link":"https:\/\/shop.vallin.lv\/lt\/produktas\/compensation-frame-45a-jas-wh-white\/","title":{"rendered":"Kompensacinis r\u0117mas 45A JAS WH, baltas"},"content":{"rendered":"<p>Compensation frame for Jung SERIES A (A 500, A plus, A creation, AS 500), scope of delivery: compensation frame, push-button cover<\/p>\n<p><a href=\"https:\/\/www.theben.de\/product\/9070789\" target=\"_blank\" rel=\"noopener\">Daugiau informacijos<\/a><\/p>\n<p>Duomen\u0173 lapas:<br \/>\n<a href=\"https:\/\/www.theben.de\/product\/9070789\/datasheet\" target=\"_blank\" rel=\"noopener\">Per\u017ei\u016br\u0117ti<\/a><\/p>","protected":false},"excerpt":{"rendered":"<p>Compensation frame for Jung SERIES A (A 500, A plus, A creation, AS 500), scope of delivery: compensation frame, push-button<\/p>","protected":false},"featured_media":32052,"template":"","meta":[],"product_brand":[],"product_cat":[891],"product_tag":[],"class_list":{"0":"post-32052","1":"product","2":"type-product","3":"status-publish","4":"has-post-thumbnail","6":"product_cat-wallmounted-indoor-presence-and-motion-sensors","8":"first","9":"instock","10":"taxable","11":"shipping-taxable","12":"purchasable","13":"product-type-simple"},"_links":{"self":[{"href":"https:\/\/shop.vallin.lv\/lt\/wp-json\/wp\/v2\/product\/32052","targetHints":{"allow":["GET"]}}],"collection":[{"href":"https:\/\/shop.vallin.lv\/lt\/wp-json\/wp\/v2\/product"}],"about":[{"href":"https:\/\/shop.vallin.lv\/lt\/wp-json\/wp\/v2\/types\/product"}],"version-history":[{"count":3,"href":"https:\/\/shop.vallin.lv\/lt\/wp-json\/wp\/v2\/product\/32052\/revisions"}],"predecessor-version":[{"id":68580,"href":"https:\/\/shop.vallin.lv\/lt\/wp-json\/wp\/v2\/product\/32052\/revisions\/68580"}],"wp:featuredmedia":[{"embeddable":true,"href":"https:\/\/shop.vallin.lv\/lt\/wp-json\/wp\/v2\/product\/32052"}],"wp:attachment":[{"href":"https:\/\/shop.vallin.lv\/lt\/wp-json\/wp\/v2\/media?parent=32052"}],"wp:term":[{"taxonomy":"product_brand","embeddable":true,"href":"https:\/\/shop.vallin.lv\/lt\/wp-json\/wp\/v2\/product_brand?post=32052"},{"taxonomy":"product_cat","embeddable":true,"href":"https:\/\/shop.vallin.lv\/lt\/wp-json\/wp\/v2\/product_cat?post=32052"},{"taxonomy":"product_tag","embeddable":true,"href":"https:\/\/shop.vallin.lv\/lt\/wp-json\/wp\/v2\/product_tag?post=32052"}],"curies":[{"name":"wp","href":"https:\/\/api.w.org\/{rel}","templated":true}]}}