{"id":32050,"date":"2025-12-10T20:30:01","date_gmt":"2025-12-10T18:30:01","guid":{"rendered":"https:\/\/shop.vallin.lv\/product\/ip-and-knx-interface-support-for-knx-ip-secure\/"},"modified":"2026-04-16T14:20:55","modified_gmt":"2026-04-16T12:20:55","slug":"ip-and-knx-interface-support-for-knx-ip-secure","status":"publish","type":"product","link":"https:\/\/shop.vallin.lv\/lt\/produktas\/ip-and-knx-interface-support-for-knx-ip-secure\/","title":{"rendered":"IP ir KNX s\u0105saja, KNX IP Secure palaikymas"},"content":{"rendered":"<p>IP and KNX interface, support for KNX IP Secure, complies with KNXnet\/IP standard specifications, tunneling: 5 tunneling servers available (visualization, app\u2026), firmware update possible (Theben IP Tool software), power supply: 12\u201330 V DC\/, PoE - IEEE 802.3af class 1<\/p>\n<p><a href=\"https:\/\/www.theben.de\/product\/9070771\" target=\"_blank\" rel=\"noopener\">Daugiau informacijos<\/a><\/p>\n<p>Duomen\u0173 lapas:<br \/>\n<a href=\"https:\/\/www.theben.de\/product\/9070771\/datasheet\" target=\"_blank\" rel=\"noopener\">Per\u017ei\u016br\u0117ti<\/a><\/p>","protected":false},"excerpt":{"rendered":"<p>IP and KNX interface, support for KNX IP Secure, complies with KNXnet\/IP standard specifications, tunneling: 5 tunneling servers available (visualization,<\/p>","protected":false},"featured_media":32050,"template":"","meta":[],"product_brand":[],"product_cat":[825],"product_tag":[],"class_list":{"0":"post-32050","1":"product","2":"type-product","3":"status-publish","4":"has-post-thumbnail","6":"product_cat-system-devices-and-kits","8":"first","9":"outofstock","10":"taxable","11":"shipping-taxable","12":"purchasable","13":"product-type-simple"},"_links":{"self":[{"href":"https:\/\/shop.vallin.lv\/lt\/wp-json\/wp\/v2\/product\/32050","targetHints":{"allow":["GET"]}}],"collection":[{"href":"https:\/\/shop.vallin.lv\/lt\/wp-json\/wp\/v2\/product"}],"about":[{"href":"https:\/\/shop.vallin.lv\/lt\/wp-json\/wp\/v2\/types\/product"}],"version-history":[{"count":3,"href":"https:\/\/shop.vallin.lv\/lt\/wp-json\/wp\/v2\/product\/32050\/revisions"}],"predecessor-version":[{"id":68578,"href":"https:\/\/shop.vallin.lv\/lt\/wp-json\/wp\/v2\/product\/32050\/revisions\/68578"}],"wp:featuredmedia":[{"embeddable":true,"href":"https:\/\/shop.vallin.lv\/lt\/wp-json\/wp\/v2\/product\/32050"}],"wp:attachment":[{"href":"https:\/\/shop.vallin.lv\/lt\/wp-json\/wp\/v2\/media?parent=32050"}],"wp:term":[{"taxonomy":"product_brand","embeddable":true,"href":"https:\/\/shop.vallin.lv\/lt\/wp-json\/wp\/v2\/product_brand?post=32050"},{"taxonomy":"product_cat","embeddable":true,"href":"https:\/\/shop.vallin.lv\/lt\/wp-json\/wp\/v2\/product_cat?post=32050"},{"taxonomy":"product_tag","embeddable":true,"href":"https:\/\/shop.vallin.lv\/lt\/wp-json\/wp\/v2\/product_tag?post=32050"}],"curies":[{"name":"wp","href":"https:\/\/api.w.org\/{rel}","templated":true}]}}