{"id":32048,"date":"2025-12-10T20:30:00","date_gmt":"2025-12-10T18:30:00","guid":{"rendered":"https:\/\/shop.vallin.lv\/product\/ground-spike-for-led-bollard-lights\/"},"modified":"2026-04-16T14:20:52","modified_gmt":"2026-04-16T12:20:52","slug":"ground-spike-for-led-bollard-lights","status":"publish","type":"product","link":"https:\/\/shop.vallin.lv\/lt\/produktas\/ground-spike-for-led-bollard-lights\/","title":{"rendered":"\u017dem\u0117s smaigalys LED bollard \u017eibintai"},"content":{"rendered":"<p>Ground spike for LED bollard lights for floor mounting, galvanized<\/p>\n<p><a href=\"https:\/\/www.theben.de\/product\/9070765\" target=\"_blank\" rel=\"noopener\">Daugiau informacijos<\/a><\/p>\n<p>Duomen\u0173 lapas:<br \/>\n<a href=\"https:\/\/www.theben.de\/product\/9070765\/datasheet\" target=\"_blank\" rel=\"noopener\">Per\u017ei\u016br\u0117ti<\/a><\/p>","protected":false},"excerpt":{"rendered":"<p>Ground spike for LED bollard lights for floor mounting, galvanized More information Data Sheet: View<\/p>","protected":false},"featured_media":32048,"template":"","meta":[],"product_brand":[],"product_cat":[878],"product_tag":[],"class_list":{"0":"post-32048","1":"product","2":"type-product","3":"status-publish","4":"has-post-thumbnail","6":"product_cat-leda-d","8":"first","9":"instock","10":"taxable","11":"shipping-taxable","12":"purchasable","13":"product-type-simple"},"_links":{"self":[{"href":"https:\/\/shop.vallin.lv\/lt\/wp-json\/wp\/v2\/product\/32048","targetHints":{"allow":["GET"]}}],"collection":[{"href":"https:\/\/shop.vallin.lv\/lt\/wp-json\/wp\/v2\/product"}],"about":[{"href":"https:\/\/shop.vallin.lv\/lt\/wp-json\/wp\/v2\/types\/product"}],"version-history":[{"count":3,"href":"https:\/\/shop.vallin.lv\/lt\/wp-json\/wp\/v2\/product\/32048\/revisions"}],"predecessor-version":[{"id":68576,"href":"https:\/\/shop.vallin.lv\/lt\/wp-json\/wp\/v2\/product\/32048\/revisions\/68576"}],"wp:featuredmedia":[{"embeddable":true,"href":"https:\/\/shop.vallin.lv\/lt\/wp-json\/wp\/v2\/product\/32048"}],"wp:attachment":[{"href":"https:\/\/shop.vallin.lv\/lt\/wp-json\/wp\/v2\/media?parent=32048"}],"wp:term":[{"taxonomy":"product_brand","embeddable":true,"href":"https:\/\/shop.vallin.lv\/lt\/wp-json\/wp\/v2\/product_brand?post=32048"},{"taxonomy":"product_cat","embeddable":true,"href":"https:\/\/shop.vallin.lv\/lt\/wp-json\/wp\/v2\/product_cat?post=32048"},{"taxonomy":"product_tag","embeddable":true,"href":"https:\/\/shop.vallin.lv\/lt\/wp-json\/wp\/v2\/product_tag?post=32048"}],"curies":[{"name":"wp","href":"https:\/\/api.w.org\/{rel}","templated":true}]}}