{"id":32027,"date":"2025-12-10T20:29:48","date_gmt":"2025-12-10T18:29:48","guid":{"rendered":"https:\/\/shop.vallin.lv\/product\/flush-mounted-temperature-sensor\/"},"modified":"2026-04-16T14:23:26","modified_gmt":"2026-04-16T12:23:26","slug":"flush-mounted-temperature-sensor","status":"publish","type":"product","link":"https:\/\/shop.vallin.lv\/lt\/produktas\/flush-mounted-temperature-sensor\/","title":{"rendered":"Prisukamas temperat\u016bros jutiklis"},"content":{"rendered":"<p>Temperature sensor for flush mounting, compact design for easy installation in switch\/distribution boxes, for use in combination with various KNX products<\/p>\n<p><a href=\"https:\/\/www.theben.de\/product\/9070496\" target=\"_blank\" rel=\"noopener\">Daugiau informacijos<\/a><\/p>\n<p>Duomen\u0173 lapas:<br \/>\n<a href=\"https:\/\/www.theben.de\/product\/9070496\/datasheet\" target=\"_blank\" rel=\"noopener\">Per\u017ei\u016br\u0117ti<\/a><\/p>","protected":false},"excerpt":{"rendered":"<p>Temperature sensor for flush mounting, compact design for easy installation in switch\/distribution boxes, for use in combination with various KNX<\/p>","protected":false},"featured_media":32027,"template":"","meta":[],"product_brand":[],"product_cat":[825],"product_tag":[],"class_list":{"0":"post-32027","1":"product","2":"type-product","3":"status-publish","4":"has-post-thumbnail","6":"product_cat-system-devices-and-kits","8":"first","9":"instock","10":"taxable","11":"shipping-taxable","12":"purchasable","13":"product-type-simple"},"_links":{"self":[{"href":"https:\/\/shop.vallin.lv\/lt\/wp-json\/wp\/v2\/product\/32027","targetHints":{"allow":["GET"]}}],"collection":[{"href":"https:\/\/shop.vallin.lv\/lt\/wp-json\/wp\/v2\/product"}],"about":[{"href":"https:\/\/shop.vallin.lv\/lt\/wp-json\/wp\/v2\/types\/product"}],"version-history":[{"count":3,"href":"https:\/\/shop.vallin.lv\/lt\/wp-json\/wp\/v2\/product\/32027\/revisions"}],"predecessor-version":[{"id":68555,"href":"https:\/\/shop.vallin.lv\/lt\/wp-json\/wp\/v2\/product\/32027\/revisions\/68555"}],"wp:featuredmedia":[{"embeddable":true,"href":"https:\/\/shop.vallin.lv\/lt\/wp-json\/wp\/v2\/product\/32027"}],"wp:attachment":[{"href":"https:\/\/shop.vallin.lv\/lt\/wp-json\/wp\/v2\/media?parent=32027"}],"wp:term":[{"taxonomy":"product_brand","embeddable":true,"href":"https:\/\/shop.vallin.lv\/lt\/wp-json\/wp\/v2\/product_brand?post=32027"},{"taxonomy":"product_cat","embeddable":true,"href":"https:\/\/shop.vallin.lv\/lt\/wp-json\/wp\/v2\/product_cat?post=32027"},{"taxonomy":"product_tag","embeddable":true,"href":"https:\/\/shop.vallin.lv\/lt\/wp-json\/wp\/v2\/product_tag?post=32027"}],"curies":[{"name":"wp","href":"https:\/\/api.w.org\/{rel}","templated":true}]}}