{"id":32018,"date":"2025-12-10T20:29:42","date_gmt":"2025-12-10T18:29:42","guid":{"rendered":"https:\/\/shop.vallin.lv\/product\/alpha-5-24-v-actuator-silent-closed-when-de-energized\/"},"modified":"2026-04-16T14:20:58","modified_gmt":"2026-04-16T12:20:58","slug":"alpha-5-24-v-actuator-silent-closed-when-de-energized","status":"publish","type":"product","link":"https:\/\/shop.vallin.lv\/lt\/produktas\/alpha-5-24-v-actuator-silent-closed-when-de-energized\/","title":{"rendered":"ALPHA 5 24 V vykdiklis, tylus, u\u017edarytas i\u0161jungus energij\u0105"},"content":{"rendered":"<p>Actuator (24 V) suitable for heating circuit distributor\/radiator valves and RAMSES devices, silent, closed when de-energized, connection cable length 1 m, protection class IP 54, plug-in mounting on valve adapter, function and adjustment check, removal protection through removable SafeGuard, guaranteed overvoltage protection<\/p>\n<p><a href=\"https:\/\/www.theben.de\/product\/9070442\" target=\"_blank\" rel=\"noopener\">Daugiau informacijos<\/a><\/p>\n<p>Duomen\u0173 lapas:<br \/>\n<a href=\"https:\/\/www.theben.de\/product\/9070442\/datasheet\" target=\"_blank\" rel=\"noopener\">Per\u017ei\u016br\u0117ti<\/a><\/p>","protected":false},"excerpt":{"rendered":"<p>Actuator (24 V) suitable for heating circuit distributor\/radiator valves and RAMSES devices, silent, closed when de-energized, connection cable length 1<\/p>","protected":false},"featured_media":32018,"template":"","meta":[],"product_brand":[],"product_cat":[908],"product_tag":[],"class_list":{"0":"post-32018","1":"product","2":"type-product","3":"status-publish","4":"has-post-thumbnail","6":"product_cat-accessories-lighting-and-climate-control","8":"first","9":"outofstock","10":"taxable","11":"shipping-taxable","12":"purchasable","13":"product-type-simple"},"_links":{"self":[{"href":"https:\/\/shop.vallin.lv\/lt\/wp-json\/wp\/v2\/product\/32018","targetHints":{"allow":["GET"]}}],"collection":[{"href":"https:\/\/shop.vallin.lv\/lt\/wp-json\/wp\/v2\/product"}],"about":[{"href":"https:\/\/shop.vallin.lv\/lt\/wp-json\/wp\/v2\/types\/product"}],"version-history":[{"count":3,"href":"https:\/\/shop.vallin.lv\/lt\/wp-json\/wp\/v2\/product\/32018\/revisions"}],"predecessor-version":[{"id":68546,"href":"https:\/\/shop.vallin.lv\/lt\/wp-json\/wp\/v2\/product\/32018\/revisions\/68546"}],"wp:featuredmedia":[{"embeddable":true,"href":"https:\/\/shop.vallin.lv\/lt\/wp-json\/wp\/v2\/product\/32018"}],"wp:attachment":[{"href":"https:\/\/shop.vallin.lv\/lt\/wp-json\/wp\/v2\/media?parent=32018"}],"wp:term":[{"taxonomy":"product_brand","embeddable":true,"href":"https:\/\/shop.vallin.lv\/lt\/wp-json\/wp\/v2\/product_brand?post=32018"},{"taxonomy":"product_cat","embeddable":true,"href":"https:\/\/shop.vallin.lv\/lt\/wp-json\/wp\/v2\/product_cat?post=32018"},{"taxonomy":"product_tag","embeddable":true,"href":"https:\/\/shop.vallin.lv\/lt\/wp-json\/wp\/v2\/product_tag?post=32018"}],"curies":[{"name":"wp","href":"https:\/\/api.w.org\/{rel}","templated":true}]}}