{"id":32016,"date":"2025-12-10T20:29:41","date_gmt":"2025-12-10T18:29:41","guid":{"rendered":"https:\/\/shop.vallin.lv\/product\/valve-adapter-v-80-for-alpha-4-actuator\/"},"modified":"2026-04-16T14:23:46","modified_gmt":"2026-04-16T12:23:46","slug":"valve-adapter-v-80-for-alpha-4-actuator","status":"publish","type":"product","link":"https:\/\/shop.vallin.lv\/lt\/produktas\/valve-adapter-v-80-for-alpha-4-actuator\/","title":{"rendered":"Vo\u017etuvo adapteris V 80 ALPHA 4 pavarai"},"content":{"rendered":"<p>Valve adapter suitable for Onda, locks (from 1993 onwards), Oventrop (M30 x 1.5), Heimeier, Herb, Therm-Concept, Frank, Roth (distributor), Dinotherm (distributor).<\/p>\n<p><a href=\"https:\/\/www.theben.de\/product\/9070437\" target=\"_blank\" rel=\"noopener\">Daugiau informacijos<\/a><\/p>\n<p>Duomen\u0173 lapas:<br \/>\n<a href=\"https:\/\/www.theben.de\/product\/9070437\/datasheet\" target=\"_blank\" rel=\"noopener\">Per\u017ei\u016br\u0117ti<\/a><\/p>","protected":false},"excerpt":{"rendered":"<p>Valve adapter suitable for Onda, locks (from 1993 onwards), Oventrop (M30 x 1.5), Heimeier, Herb, Therm-Concept, Frank, Roth (distributor), Dinotherm<\/p>","protected":false},"featured_media":32016,"template":"","meta":[],"product_brand":[],"product_cat":[908],"product_tag":[],"class_list":{"0":"post-32016","1":"product","2":"type-product","3":"status-publish","4":"has-post-thumbnail","6":"product_cat-accessories-lighting-and-climate-control","8":"first","9":"outofstock","10":"taxable","11":"shipping-taxable","12":"purchasable","13":"product-type-simple"},"_links":{"self":[{"href":"https:\/\/shop.vallin.lv\/lt\/wp-json\/wp\/v2\/product\/32016","targetHints":{"allow":["GET"]}}],"collection":[{"href":"https:\/\/shop.vallin.lv\/lt\/wp-json\/wp\/v2\/product"}],"about":[{"href":"https:\/\/shop.vallin.lv\/lt\/wp-json\/wp\/v2\/types\/product"}],"version-history":[{"count":3,"href":"https:\/\/shop.vallin.lv\/lt\/wp-json\/wp\/v2\/product\/32016\/revisions"}],"predecessor-version":[{"id":68544,"href":"https:\/\/shop.vallin.lv\/lt\/wp-json\/wp\/v2\/product\/32016\/revisions\/68544"}],"wp:featuredmedia":[{"embeddable":true,"href":"https:\/\/shop.vallin.lv\/lt\/wp-json\/wp\/v2\/product\/32016"}],"wp:attachment":[{"href":"https:\/\/shop.vallin.lv\/lt\/wp-json\/wp\/v2\/media?parent=32016"}],"wp:term":[{"taxonomy":"product_brand","embeddable":true,"href":"https:\/\/shop.vallin.lv\/lt\/wp-json\/wp\/v2\/product_brand?post=32016"},{"taxonomy":"product_cat","embeddable":true,"href":"https:\/\/shop.vallin.lv\/lt\/wp-json\/wp\/v2\/product_cat?post=32016"},{"taxonomy":"product_tag","embeddable":true,"href":"https:\/\/shop.vallin.lv\/lt\/wp-json\/wp\/v2\/product_tag?post=32016"}],"curies":[{"name":"wp","href":"https:\/\/api.w.org\/{rel}","templated":true}]}}