{"id":32009,"date":"2025-12-10T20:29:37","date_gmt":"2025-12-10T18:29:37","guid":{"rendered":"https:\/\/shop.vallin.lv\/product\/obelisk-top2-memory-card-for-top2-devices-obelisk-top2-memory-card\/"},"modified":"2026-04-16T14:22:51","modified_gmt":"2026-04-16T12:22:51","slug":"obelisk-top2-memory-card-for-top2-devices-obelisk-top2-memory-card","status":"publish","type":"product","link":"https:\/\/shop.vallin.lv\/lt\/produktas\/obelisk-top2-memory-card-for-top2-devices-obelisk-top2-memory-card\/","title":{"rendered":"OBELISK top2 atminties kortel\u0117 top2 \u012frenginiams (OBELISK top2 atminties kortel\u0117)"},"content":{"rendered":"<p>OBELISK memory card for top2 devices for program transfer from timer to timer or from PC to timer and vice versa, operation of a second program with the timer is possible as long as the memory card is inserted. program with the timer is possible as long as the memory card is inserted<\/p>\n<p><a href=\"https:\/\/www.theben.de\/product\/9070404\" target=\"_blank\" rel=\"noopener\">Daugiau informacijos<\/a><\/p>\n<p>Duomen\u0173 lapas:<br \/>\n<a href=\"https:\/\/www.theben.de\/product\/9070404\/datasheet\" target=\"_blank\" rel=\"noopener\">Per\u017ei\u016br\u0117ti<\/a><\/p>","protected":false},"excerpt":{"rendered":"<p>OBELISK memory card for top2 devices for program transfer from timer to timer or from PC to timer and vice<\/p>","protected":false},"featured_media":32009,"template":"","meta":[],"product_brand":[],"product_cat":[908],"product_tag":[],"class_list":{"0":"post-32009","1":"product","2":"type-product","3":"status-publish","4":"has-post-thumbnail","6":"product_cat-accessories-lighting-and-climate-control","8":"first","9":"outofstock","10":"taxable","11":"shipping-taxable","12":"purchasable","13":"product-type-simple"},"_links":{"self":[{"href":"https:\/\/shop.vallin.lv\/lt\/wp-json\/wp\/v2\/product\/32009","targetHints":{"allow":["GET"]}}],"collection":[{"href":"https:\/\/shop.vallin.lv\/lt\/wp-json\/wp\/v2\/product"}],"about":[{"href":"https:\/\/shop.vallin.lv\/lt\/wp-json\/wp\/v2\/types\/product"}],"version-history":[{"count":3,"href":"https:\/\/shop.vallin.lv\/lt\/wp-json\/wp\/v2\/product\/32009\/revisions"}],"predecessor-version":[{"id":68537,"href":"https:\/\/shop.vallin.lv\/lt\/wp-json\/wp\/v2\/product\/32009\/revisions\/68537"}],"wp:featuredmedia":[{"embeddable":true,"href":"https:\/\/shop.vallin.lv\/lt\/wp-json\/wp\/v2\/product\/32009"}],"wp:attachment":[{"href":"https:\/\/shop.vallin.lv\/lt\/wp-json\/wp\/v2\/media?parent=32009"}],"wp:term":[{"taxonomy":"product_brand","embeddable":true,"href":"https:\/\/shop.vallin.lv\/lt\/wp-json\/wp\/v2\/product_brand?post=32009"},{"taxonomy":"product_cat","embeddable":true,"href":"https:\/\/shop.vallin.lv\/lt\/wp-json\/wp\/v2\/product_cat?post=32009"},{"taxonomy":"product_tag","embeddable":true,"href":"https:\/\/shop.vallin.lv\/lt\/wp-json\/wp\/v2\/product_tag?post=32009"}],"curies":[{"name":"wp","href":"https:\/\/api.w.org\/{rel}","templated":true}]}}