{"id":32005,"date":"2025-12-10T20:29:34","date_gmt":"2025-12-10T18:29:34","guid":{"rendered":"https:\/\/shop.vallin.lv\/product\/diode-module\/"},"modified":"2026-04-16T14:22:51","modified_gmt":"2026-04-16T12:22:51","slug":"diode-module","status":"publish","type":"product","link":"https:\/\/shop.vallin.lv\/lt\/produktas\/diode-module\/","title":{"rendered":"Diodinis modulis"},"content":{"rendered":"<p>Required for special functions (group\/central function) with LUXOR, DIMAX: light scenes, 2-button operation, 2 diode modules included in delivery<\/p>\n<p><a href=\"https:\/\/www.theben.de\/product\/9070367\" target=\"_blank\" rel=\"noopener\">Daugiau informacijos<\/a><\/p>\n<p>Duomen\u0173 lapas:<br \/>\n<a href=\"https:\/\/www.theben.de\/product\/9070367\/datasheet\" target=\"_blank\" rel=\"noopener\">Per\u017ei\u016br\u0117ti<\/a><\/p>","protected":false},"excerpt":{"rendered":"<p>Required for special functions (group\/central function) with LUXOR, DIMAX: light scenes, 2-button operation, 2 diode modules included in delivery More<\/p>","protected":false},"featured_media":32005,"template":"","meta":[],"product_brand":[],"product_cat":[908],"product_tag":[],"class_list":{"0":"post-32005","1":"product","2":"type-product","3":"status-publish","4":"has-post-thumbnail","6":"product_cat-accessories-lighting-and-climate-control","8":"first","9":"outofstock","10":"taxable","11":"shipping-taxable","12":"purchasable","13":"product-type-simple"},"_links":{"self":[{"href":"https:\/\/shop.vallin.lv\/lt\/wp-json\/wp\/v2\/product\/32005","targetHints":{"allow":["GET"]}}],"collection":[{"href":"https:\/\/shop.vallin.lv\/lt\/wp-json\/wp\/v2\/product"}],"about":[{"href":"https:\/\/shop.vallin.lv\/lt\/wp-json\/wp\/v2\/types\/product"}],"version-history":[{"count":3,"href":"https:\/\/shop.vallin.lv\/lt\/wp-json\/wp\/v2\/product\/32005\/revisions"}],"predecessor-version":[{"id":68533,"href":"https:\/\/shop.vallin.lv\/lt\/wp-json\/wp\/v2\/product\/32005\/revisions\/68533"}],"wp:featuredmedia":[{"embeddable":true,"href":"https:\/\/shop.vallin.lv\/lt\/wp-json\/wp\/v2\/product\/32005"}],"wp:attachment":[{"href":"https:\/\/shop.vallin.lv\/lt\/wp-json\/wp\/v2\/media?parent=32005"}],"wp:term":[{"taxonomy":"product_brand","embeddable":true,"href":"https:\/\/shop.vallin.lv\/lt\/wp-json\/wp\/v2\/product_brand?post=32005"},{"taxonomy":"product_cat","embeddable":true,"href":"https:\/\/shop.vallin.lv\/lt\/wp-json\/wp\/v2\/product_cat?post=32005"},{"taxonomy":"product_tag","embeddable":true,"href":"https:\/\/shop.vallin.lv\/lt\/wp-json\/wp\/v2\/product_tag?post=32005"}],"curies":[{"name":"wp","href":"https:\/\/api.w.org\/{rel}","templated":true}]}}