{"id":32000,"date":"2025-12-10T20:29:32","date_gmt":"2025-12-10T18:29:32","guid":{"rendered":"https:\/\/shop.vallin.lv\/product\/adapter-plate-ramses-701-709\/"},"modified":"2026-04-16T14:19:59","modified_gmt":"2026-04-16T12:19:59","slug":"adapter-plate-ramses-701-709","status":"publish","type":"product","link":"https:\/\/shop.vallin.lv\/lt\/produktas\/adapter-plate-ramses-701-709\/","title":{"rendered":"Adapterio plok\u0161t\u0117 RAMSES 701-709"},"content":{"rendered":"<p>Adapter plate for RAMSES 701-709 for mounting on flush-mounted box<\/p>\n<p><a href=\"https:\/\/www.theben.de\/product\/9070212\" target=\"_blank\" rel=\"noopener\">Daugiau informacijos<\/a><\/p>\n<p>Duomen\u0173 lapas:<br \/>\n<a href=\"https:\/\/www.theben.de\/product\/9070212\/datasheet\" target=\"_blank\" rel=\"noopener\">Per\u017ei\u016br\u0117ti<\/a><\/p>","protected":false},"excerpt":{"rendered":"<p>Adapter plate for RAMSES 701-709 for mounting on flush-mounted box More information Data Sheet: View<\/p>","protected":false},"featured_media":32000,"template":"","meta":[],"product_brand":[],"product_cat":[916],"product_tag":[],"class_list":{"0":"post-32000","1":"product","2":"type-product","3":"status-publish","4":"has-post-thumbnail","6":"product_cat-electronic","8":"first","9":"instock","10":"taxable","11":"shipping-taxable","12":"purchasable","13":"product-type-simple"},"_links":{"self":[{"href":"https:\/\/shop.vallin.lv\/lt\/wp-json\/wp\/v2\/product\/32000","targetHints":{"allow":["GET"]}}],"collection":[{"href":"https:\/\/shop.vallin.lv\/lt\/wp-json\/wp\/v2\/product"}],"about":[{"href":"https:\/\/shop.vallin.lv\/lt\/wp-json\/wp\/v2\/types\/product"}],"version-history":[{"count":3,"href":"https:\/\/shop.vallin.lv\/lt\/wp-json\/wp\/v2\/product\/32000\/revisions"}],"predecessor-version":[{"id":68528,"href":"https:\/\/shop.vallin.lv\/lt\/wp-json\/wp\/v2\/product\/32000\/revisions\/68528"}],"wp:featuredmedia":[{"embeddable":true,"href":"https:\/\/shop.vallin.lv\/lt\/wp-json\/wp\/v2\/product\/32000"}],"wp:attachment":[{"href":"https:\/\/shop.vallin.lv\/lt\/wp-json\/wp\/v2\/media?parent=32000"}],"wp:term":[{"taxonomy":"product_brand","embeddable":true,"href":"https:\/\/shop.vallin.lv\/lt\/wp-json\/wp\/v2\/product_brand?post=32000"},{"taxonomy":"product_cat","embeddable":true,"href":"https:\/\/shop.vallin.lv\/lt\/wp-json\/wp\/v2\/product_cat?post=32000"},{"taxonomy":"product_tag","embeddable":true,"href":"https:\/\/shop.vallin.lv\/lt\/wp-json\/wp\/v2\/product_tag?post=32000"}],"curies":[{"name":"wp","href":"https:\/\/api.w.org\/{rel}","templated":true}]}}