{"id":31947,"date":"2025-12-10T20:28:39","date_gmt":"2025-12-10T18:28:39","guid":{"rendered":"https:\/\/shop.vallin.lv\/product\/built-in-light-sensor-luna-ip-65\/"},"modified":"2026-04-16T14:20:54","modified_gmt":"2026-04-16T12:20:54","slug":"built-in-light-sensor-luna-ip-65","status":"publish","type":"product","link":"https:\/\/shop.vallin.lv\/lt\/produktas\/built-in-light-sensor-luna-ip-65\/","title":{"rendered":"Integruotas \u0161viesos jutiklis (LUNA) IP 65"},"content":{"rendered":"<p>Built-in light sensor (LUNA), connection cable 1.5 m, protection class IP65<\/p>\n<p><a href=\"https:\/\/www.theben.de\/product\/9070011\" target=\"_blank\" rel=\"noopener\">Daugiau informacijos<\/a><\/p>\n<p>Duomen\u0173 lapas:<br \/>\n<a href=\"https:\/\/www.theben.de\/product\/9070011\/datasheet\" target=\"_blank\" rel=\"noopener\">Per\u017ei\u016br\u0117ti<\/a><\/p>","protected":false},"excerpt":{"rendered":"<p>Built-in light sensor (LUNA), connection cable 1.5 m, protection class IP65 More information Data Sheet: View<\/p>","protected":false},"featured_media":31947,"template":"","meta":[],"product_brand":[],"product_cat":[929],"product_tag":[],"class_list":{"0":"post-31947","1":"product","2":"type-product","3":"status-publish","4":"has-post-thumbnail","6":"product_cat-din-digital-timers","8":"first","9":"outofstock","10":"taxable","11":"shipping-taxable","12":"product-type-simple"},"_links":{"self":[{"href":"https:\/\/shop.vallin.lv\/lt\/wp-json\/wp\/v2\/product\/31947","targetHints":{"allow":["GET"]}}],"collection":[{"href":"https:\/\/shop.vallin.lv\/lt\/wp-json\/wp\/v2\/product"}],"about":[{"href":"https:\/\/shop.vallin.lv\/lt\/wp-json\/wp\/v2\/types\/product"}],"version-history":[{"count":3,"href":"https:\/\/shop.vallin.lv\/lt\/wp-json\/wp\/v2\/product\/31947\/revisions"}],"predecessor-version":[{"id":68511,"href":"https:\/\/shop.vallin.lv\/lt\/wp-json\/wp\/v2\/product\/31947\/revisions\/68511"}],"wp:featuredmedia":[{"embeddable":true,"href":"https:\/\/shop.vallin.lv\/lt\/wp-json\/wp\/v2\/product\/31947"}],"wp:attachment":[{"href":"https:\/\/shop.vallin.lv\/lt\/wp-json\/wp\/v2\/media?parent=31947"}],"wp:term":[{"taxonomy":"product_brand","embeddable":true,"href":"https:\/\/shop.vallin.lv\/lt\/wp-json\/wp\/v2\/product_brand?post=31947"},{"taxonomy":"product_cat","embeddable":true,"href":"https:\/\/shop.vallin.lv\/lt\/wp-json\/wp\/v2\/product_cat?post=31947"},{"taxonomy":"product_tag","embeddable":true,"href":"https:\/\/shop.vallin.lv\/lt\/wp-json\/wp\/v2\/product_tag?post=31947"}],"curies":[{"name":"wp","href":"https:\/\/api.w.org\/{rel}","templated":true}]}}