{"id":31905,"date":"2025-12-10T20:28:18","date_gmt":"2025-12-10T18:28:18","guid":{"rendered":"https:\/\/shop.vallin.lv\/product\/digital-clock-thermostat-7-days-text-line-mains-version\/"},"modified":"2026-01-22T15:15:12","modified_gmt":"2026-01-22T13:15:12","slug":"digital-clock-thermostat-7-days-text-line-mains-version","status":"publish","type":"product","link":"https:\/\/shop.vallin.lv\/lt\/produktas\/digital-clock-thermostat-7-days-text-line-mains-version\/","title":{"rendered":"Skaitmeninis laikrodis termostatas, 7 dienos, teksto eilut\u0117, tinklo versija"},"content":{"rendered":"<p>Digital room temperature controller, rotary knob for temperature selection, 3 individually adjustable basic programs, 42 programmable switching times (max. 24 per program) with a maximum of 5 temperature levels, optimization function, frost protection, party\/ECO program, vacation program, operating lock, pump protection function, 3- or 4-wire connection, plug-in base for mounting on wall or flush-mounted box, adjustable operating point and switching difference, 230 V power supply<\/p>\n<p><a href=\"https:\/\/www.theben.de\/product\/8120132\/operating-instructions\" target=\"_blank\" rel=\"noopener\">Atsisi\u0173sti daugiau informacijos<\/a><\/p>\n<p><a href=\"https:\/\/www.theben.de\/product\/8120132\" target=\"_blank\" rel=\"noopener\">Daugiau informacijos<\/a><\/p>\n<p>Duomen\u0173 lapas:<br \/>\n<a href=\"https:\/\/www.theben.de\/product\/8120132\/datasheet\" target=\"_blank\" rel=\"noopener\">Per\u017ei\u016br\u0117ti<\/a><\/p>","protected":false},"excerpt":{"rendered":"<p>Digital room temperature controller, rotary knob for temperature selection, 3 individually adjustable basic programs, 42 programmable switching times (max. 24<\/p>","protected":false},"featured_media":0,"template":"","meta":[],"product_brand":[],"product_cat":[910],"product_tag":[],"class_list":{"0":"post-31905","1":"product","2":"type-product","3":"status-publish","5":"product_cat-digital-thermostats-with-timers","7":"first","8":"outofstock","9":"taxable","10":"shipping-taxable","11":"product-type-simple"},"_links":{"self":[{"href":"https:\/\/shop.vallin.lv\/lt\/wp-json\/wp\/v2\/product\/31905","targetHints":{"allow":["GET"]}}],"collection":[{"href":"https:\/\/shop.vallin.lv\/lt\/wp-json\/wp\/v2\/product"}],"about":[{"href":"https:\/\/shop.vallin.lv\/lt\/wp-json\/wp\/v2\/types\/product"}],"version-history":[{"count":4,"href":"https:\/\/shop.vallin.lv\/lt\/wp-json\/wp\/v2\/product\/31905\/revisions"}],"predecessor-version":[{"id":68489,"href":"https:\/\/shop.vallin.lv\/lt\/wp-json\/wp\/v2\/product\/31905\/revisions\/68489"}],"wp:attachment":[{"href":"https:\/\/shop.vallin.lv\/lt\/wp-json\/wp\/v2\/media?parent=31905"}],"wp:term":[{"taxonomy":"product_brand","embeddable":true,"href":"https:\/\/shop.vallin.lv\/lt\/wp-json\/wp\/v2\/product_brand?post=31905"},{"taxonomy":"product_cat","embeddable":true,"href":"https:\/\/shop.vallin.lv\/lt\/wp-json\/wp\/v2\/product_cat?post=31905"},{"taxonomy":"product_tag","embeddable":true,"href":"https:\/\/shop.vallin.lv\/lt\/wp-json\/wp\/v2\/product_tag?post=31905"}],"curies":[{"name":"wp","href":"https:\/\/api.w.org\/{rel}","templated":true}]}}