{"id":31711,"date":"2025-12-10T20:25:52","date_gmt":"2025-12-10T18:25:52","guid":{"rendered":"https:\/\/shop.vallin.lv\/product\/series-mounted-digital-time-switch-2-channels-7-days-text-line-plug-in-2-te-2\/"},"modified":"2026-01-22T15:14:55","modified_gmt":"2026-01-22T13:14:55","slug":"series-mounted-digital-time-switch-2-channels-7-days-text-line-plug-in-2-te-2","status":"publish","type":"product","link":"https:\/\/shop.vallin.lv\/lt\/produktas\/series-mounted-digital-time-switch-2-channels-7-days-text-line-plug-in-2-te-2\/","title":{"rendered":"Serijinis skaitmeninis laikmatis, 2 kanal\u0173, 7 dien\u0173, tekstin\u0117 eilut\u0117, \u012fki\u0161amas, 2 TE"},"content":{"rendered":"<p>Digital timer for DIN rail, external inputs, text-oriented user guidance on the display, width 2 TE, power reserve and programmed summer\/winter time changeover, daily and weekly program, DuoFix plug-in terminals, OBELISK interface for PC programming, memory card included, 2 channels<\/p>\n<p><a href=\"https:\/\/www.theben.de\/product\/6224100\/operating-instructions\" target=\"_blank\" rel=\"noopener\">Atsisi\u0173sti daugiau informacijos<\/a><\/p>\n<p><a href=\"https:\/\/www.theben.de\/product\/6224100\" target=\"_blank\" rel=\"noopener\">Daugiau informacijos<\/a><\/p>\n<p>Duomen\u0173 lapas:<br \/>\n<a href=\"https:\/\/www.theben.de\/product\/6224100\/datasheet\" target=\"_blank\" rel=\"noopener\">Per\u017ei\u016br\u0117ti<\/a><\/p>","protected":false},"excerpt":{"rendered":"<p>Digital timer for DIN rail, external inputs, text-oriented user guidance on the display, width 2 TE, power reserve and programmed<\/p>","protected":false},"featured_media":0,"template":"","meta":[],"product_brand":[],"product_cat":[929],"product_tag":[],"class_list":{"0":"post-31711","1":"product","2":"type-product","3":"status-publish","5":"product_cat-din-digital-timers","7":"first","8":"outofstock","9":"taxable","10":"shipping-taxable","11":"product-type-simple"},"_links":{"self":[{"href":"https:\/\/shop.vallin.lv\/lt\/wp-json\/wp\/v2\/product\/31711","targetHints":{"allow":["GET"]}}],"collection":[{"href":"https:\/\/shop.vallin.lv\/lt\/wp-json\/wp\/v2\/product"}],"about":[{"href":"https:\/\/shop.vallin.lv\/lt\/wp-json\/wp\/v2\/types\/product"}],"version-history":[{"count":4,"href":"https:\/\/shop.vallin.lv\/lt\/wp-json\/wp\/v2\/product\/31711\/revisions"}],"predecessor-version":[{"id":68431,"href":"https:\/\/shop.vallin.lv\/lt\/wp-json\/wp\/v2\/product\/31711\/revisions\/68431"}],"wp:attachment":[{"href":"https:\/\/shop.vallin.lv\/lt\/wp-json\/wp\/v2\/media?parent=31711"}],"wp:term":[{"taxonomy":"product_brand","embeddable":true,"href":"https:\/\/shop.vallin.lv\/lt\/wp-json\/wp\/v2\/product_brand?post=31711"},{"taxonomy":"product_cat","embeddable":true,"href":"https:\/\/shop.vallin.lv\/lt\/wp-json\/wp\/v2\/product_cat?post=31711"},{"taxonomy":"product_tag","embeddable":true,"href":"https:\/\/shop.vallin.lv\/lt\/wp-json\/wp\/v2\/product_tag?post=31711"}],"curies":[{"name":"wp","href":"https:\/\/api.w.org\/{rel}","templated":true}]}}