{"id":31691,"date":"2025-12-10T20:25:42","date_gmt":"2025-12-10T18:25:42","guid":{"rendered":"https:\/\/shop.vallin.lv\/product\/series-mounted-digital-timer-1-channel-7-days-text-line-plug-in-2-te\/"},"modified":"2026-04-16T14:20:28","modified_gmt":"2026-04-16T12:20:28","slug":"series-mounted-digital-timer-1-channel-7-days-text-line-plug-in-2-te","status":"publish","type":"product","link":"https:\/\/shop.vallin.lv\/lt\/produktas\/series-mounted-digital-timer-1-channel-7-days-text-line-plug-in-2-te\/","title":{"rendered":"Serijinis skaitmeninis laikmatis, 1 kanal\u0173, 7 dien\u0173, tekstin\u0117 eilut\u0117, \u012fki\u0161amas, 2 TE"},"content":{"rendered":"<p>Digital timer for DIN rail, for small switching loads, text-oriented user guidance on the display, width 2 TE, power reserve and programmed summer\/winter time changeover, daily and weekly program, DuoFix plug-in terminals, OBELISK interface for PC programming, 1 channel<\/p>\n<p><a href=\"https:\/\/www.theben.de\/product\/6100110\/operating-instructions\" target=\"_blank\" rel=\"noopener\">Atsisi\u0173sti daugiau informacijos<\/a><\/p>\n<p><a href=\"https:\/\/www.theben.de\/product\/6100110\" target=\"_blank\" rel=\"noopener\">Daugiau informacijos<\/a><\/p>\n<p>Duomen\u0173 lapas:<br \/>\n<a href=\"https:\/\/www.theben.de\/product\/6100110\/datasheet\" target=\"_blank\" rel=\"noopener\">Per\u017ei\u016br\u0117ti<\/a><\/p>","protected":false},"excerpt":{"rendered":"<p>Digital timer for DIN rail, for small switching loads, text-oriented user guidance on the display, width 2 TE, power reserve<\/p>","protected":false},"featured_media":31691,"template":"","meta":[],"product_brand":[],"product_cat":[929],"product_tag":[],"class_list":{"0":"post-31691","1":"product","2":"type-product","3":"status-publish","4":"has-post-thumbnail","6":"product_cat-din-digital-timers","8":"first","9":"outofstock","10":"taxable","11":"shipping-taxable","12":"purchasable","13":"product-type-simple"},"_links":{"self":[{"href":"https:\/\/shop.vallin.lv\/lt\/wp-json\/wp\/v2\/product\/31691","targetHints":{"allow":["GET"]}}],"collection":[{"href":"https:\/\/shop.vallin.lv\/lt\/wp-json\/wp\/v2\/product"}],"about":[{"href":"https:\/\/shop.vallin.lv\/lt\/wp-json\/wp\/v2\/types\/product"}],"version-history":[{"count":4,"href":"https:\/\/shop.vallin.lv\/lt\/wp-json\/wp\/v2\/product\/31691\/revisions"}],"predecessor-version":[{"id":68421,"href":"https:\/\/shop.vallin.lv\/lt\/wp-json\/wp\/v2\/product\/31691\/revisions\/68421"}],"wp:featuredmedia":[{"embeddable":true,"href":"https:\/\/shop.vallin.lv\/lt\/wp-json\/wp\/v2\/product\/31691"}],"wp:attachment":[{"href":"https:\/\/shop.vallin.lv\/lt\/wp-json\/wp\/v2\/media?parent=31691"}],"wp:term":[{"taxonomy":"product_brand","embeddable":true,"href":"https:\/\/shop.vallin.lv\/lt\/wp-json\/wp\/v2\/product_brand?post=31691"},{"taxonomy":"product_cat","embeddable":true,"href":"https:\/\/shop.vallin.lv\/lt\/wp-json\/wp\/v2\/product_cat?post=31691"},{"taxonomy":"product_tag","embeddable":true,"href":"https:\/\/shop.vallin.lv\/lt\/wp-json\/wp\/v2\/product_tag?post=31691"}],"curies":[{"name":"wp","href":"https:\/\/api.w.org\/{rel}","templated":true}]}}