{"id":31673,"date":"2025-12-10T20:25:32","date_gmt":"2025-12-10T18:25:32","guid":{"rendered":"https:\/\/shop.vallin.lv\/product\/series-mounted-dimmer-for-esl-and-230v-led-lamps-2\/"},"modified":"2026-04-16T14:23:09","modified_gmt":"2026-04-16T12:23:09","slug":"series-mounted-dimmer-for-esl-and-230v-led-lamps-2","status":"publish","type":"product","link":"https:\/\/shop.vallin.lv\/lt\/produktas\/series-mounted-dimmer-for-esl-and-230v-led-lamps-2\/","title":{"rendered":"Serijinis dimmeris ESL ir 230\u202fV LED lempoms"},"content":{"rendered":"<p>Series-mounted universal dimmer for R, L, and C loads with automatic load detection, adjustable switch-on and minimum brightness for ESL, activatable snooze function for children's rooms, adjustable dimming speed 1 s.. 60 min., additionally up to 3 light scenes can be called up via separate input, e.g., 2-button series switch with diode modules, staircase light function with dimming function, automatic electronic overload and overtemperature shutdown, pushbutton input galvanically isolated for intercom systems AC\/DC 8...230 V<\/p>\n<p><a href=\"https:\/\/www.theben.de\/product\/5340001\/operating-instructions\" target=\"_blank\" rel=\"noopener\">Atsisi\u0173sti daugiau informacijos<\/a><\/p>\n<p><a href=\"https:\/\/www.theben.de\/product\/5340001\" target=\"_blank\" rel=\"noopener\">Daugiau informacijos<\/a><\/p>\n<p>Duomen\u0173 lapas:<br \/>\n<a href=\"https:\/\/www.theben.de\/product\/5340001\/datasheet\" target=\"_blank\" rel=\"noopener\">Per\u017ei\u016br\u0117ti<\/a><\/p>","protected":false},"excerpt":{"rendered":"<p>Series-mounted universal dimmer for R, L, and C loads with automatic load detection, adjustable switch-on and minimum brightness for ESL,<\/p>","protected":false},"featured_media":31673,"template":"","meta":[],"product_brand":[],"product_cat":[896],"product_tag":[],"class_list":{"0":"post-31673","1":"product","2":"type-product","3":"status-publish","4":"has-post-thumbnail","6":"product_cat-din-analogue-time-switches","8":"first","9":"instock","10":"taxable","11":"shipping-taxable","12":"purchasable","13":"product-type-simple"},"_links":{"self":[{"href":"https:\/\/shop.vallin.lv\/lt\/wp-json\/wp\/v2\/product\/31673","targetHints":{"allow":["GET"]}}],"collection":[{"href":"https:\/\/shop.vallin.lv\/lt\/wp-json\/wp\/v2\/product"}],"about":[{"href":"https:\/\/shop.vallin.lv\/lt\/wp-json\/wp\/v2\/types\/product"}],"version-history":[{"count":4,"href":"https:\/\/shop.vallin.lv\/lt\/wp-json\/wp\/v2\/product\/31673\/revisions"}],"predecessor-version":[{"id":68412,"href":"https:\/\/shop.vallin.lv\/lt\/wp-json\/wp\/v2\/product\/31673\/revisions\/68412"}],"wp:featuredmedia":[{"embeddable":true,"href":"https:\/\/shop.vallin.lv\/lt\/wp-json\/wp\/v2\/product\/31673"}],"wp:attachment":[{"href":"https:\/\/shop.vallin.lv\/lt\/wp-json\/wp\/v2\/media?parent=31673"}],"wp:term":[{"taxonomy":"product_brand","embeddable":true,"href":"https:\/\/shop.vallin.lv\/lt\/wp-json\/wp\/v2\/product_brand?post=31673"},{"taxonomy":"product_cat","embeddable":true,"href":"https:\/\/shop.vallin.lv\/lt\/wp-json\/wp\/v2\/product_cat?post=31673"},{"taxonomy":"product_tag","embeddable":true,"href":"https:\/\/shop.vallin.lv\/lt\/wp-json\/wp\/v2\/product_tag?post=31673"}],"curies":[{"name":"wp","href":"https:\/\/api.w.org\/{rel}","templated":true}]}}