{"id":31671,"date":"2025-12-10T20:25:31","date_gmt":"2025-12-10T18:25:31","guid":{"rendered":"https:\/\/shop.vallin.lv\/product\/series-mounted-dimmer-for-esl-and-230v-led-lamps\/"},"modified":"2026-04-16T14:23:33","modified_gmt":"2026-04-16T12:23:33","slug":"series-mounted-dimmer-for-esl-and-230v-led-lamps","status":"publish","type":"product","link":"https:\/\/shop.vallin.lv\/lt\/produktas\/series-mounted-dimmer-for-esl-and-230v-led-lamps\/","title":{"rendered":"Serijinis dimmeris ESL ir 230\u202fV LED lempoms"},"content":{"rendered":"<p>Series-mounted universal dimmer for R, L, and C loads with automatic load detection, 2 optimized settings for dimmable energy-saving lamps from different manufacturers, including adjustable minimum brightness, adjustable switch-on brightness, dimming switch-on function for slow dimming when the button is pressed and held, automatic electronic overload and overtemperature shutdown, galvanically isolated push-button input for intercom systems AC\/DC 8...230 V, permanent ON function for installation test, dimmer preset for immediate commissioning<\/p>\n<p><a href=\"https:\/\/www.theben.de\/product\/5320001\/operating-instructions\" target=\"_blank\" rel=\"noopener\">Atsisi\u0173sti daugiau informacijos<\/a><\/p>\n<p><a href=\"https:\/\/www.theben.de\/product\/5320001\" target=\"_blank\" rel=\"noopener\">Daugiau informacijos<\/a><\/p>\n<p>Duomen\u0173 lapas:<br \/>\n<a href=\"https:\/\/www.theben.de\/product\/5320001\/datasheet\" target=\"_blank\" rel=\"noopener\">Per\u017ei\u016br\u0117ti<\/a><\/p>","protected":false},"excerpt":{"rendered":"<p>Series-mounted universal dimmer for R, L, and C loads with automatic load detection, 2 optimized settings for dimmable energy-saving lamps<\/p>","protected":false},"featured_media":31671,"template":"","meta":[],"product_brand":[],"product_cat":[896],"product_tag":[],"class_list":{"0":"post-31671","1":"product","2":"type-product","3":"status-publish","4":"has-post-thumbnail","6":"product_cat-din-analogue-time-switches","8":"first","9":"outofstock","10":"taxable","11":"shipping-taxable","12":"purchasable","13":"product-type-simple"},"_links":{"self":[{"href":"https:\/\/shop.vallin.lv\/lt\/wp-json\/wp\/v2\/product\/31671","targetHints":{"allow":["GET"]}}],"collection":[{"href":"https:\/\/shop.vallin.lv\/lt\/wp-json\/wp\/v2\/product"}],"about":[{"href":"https:\/\/shop.vallin.lv\/lt\/wp-json\/wp\/v2\/types\/product"}],"version-history":[{"count":4,"href":"https:\/\/shop.vallin.lv\/lt\/wp-json\/wp\/v2\/product\/31671\/revisions"}],"predecessor-version":[{"id":68411,"href":"https:\/\/shop.vallin.lv\/lt\/wp-json\/wp\/v2\/product\/31671\/revisions\/68411"}],"wp:featuredmedia":[{"embeddable":true,"href":"https:\/\/shop.vallin.lv\/lt\/wp-json\/wp\/v2\/product\/31671"}],"wp:attachment":[{"href":"https:\/\/shop.vallin.lv\/lt\/wp-json\/wp\/v2\/media?parent=31671"}],"wp:term":[{"taxonomy":"product_brand","embeddable":true,"href":"https:\/\/shop.vallin.lv\/lt\/wp-json\/wp\/v2\/product_brand?post=31671"},{"taxonomy":"product_cat","embeddable":true,"href":"https:\/\/shop.vallin.lv\/lt\/wp-json\/wp\/v2\/product_cat?post=31671"},{"taxonomy":"product_tag","embeddable":true,"href":"https:\/\/shop.vallin.lv\/lt\/wp-json\/wp\/v2\/product_tag?post=31671"}],"curies":[{"name":"wp","href":"https:\/\/api.w.org\/{rel}","templated":true}]}}