{"id":31636,"date":"2025-12-10T20:24:46","date_gmt":"2025-12-10T18:24:46","guid":{"rendered":"https:\/\/shop.vallin.lv\/product\/knx-slave-clock-single-sided-wall-clock-3\/"},"modified":"2026-04-16T14:21:49","modified_gmt":"2026-04-16T12:21:49","slug":"knx-slave-clock-single-sided-wall-clock-3","status":"publish","type":"product","link":"https:\/\/shop.vallin.lv\/lt\/produktas\/knx-slave-clock-single-sided-wall-clock-3\/","title":{"rendered":"KNX antrinis laikrodis, vienpusis sieninis"},"content":{"rendered":"<p>KNX slave clock, e.g., for schools and gyms, limited ball impact resistance, FMPTA test certificate according to DIN 18 032 Part 3, single-sided interior wall clock, square dial 40x40cm, white metal dial with black Arabic numerals, printing according to DIN 41 09, Laminated safety glass, very sturdy metal housing, dimensions 40x40 cm, height 10 cm<\/p>\n<p><a href=\"https:\/\/www.theben.de\/product\/5009252\/operating-instructions\" target=\"_blank\" rel=\"noopener\">Atsisi\u0173sti daugiau informacijos<\/a><\/p>\n<p><a href=\"https:\/\/www.theben.de\/product\/5009252\" target=\"_blank\" rel=\"noopener\">Daugiau informacijos<\/a><\/p>\n<p>Duomen\u0173 lapas:<br \/>\n<a href=\"https:\/\/www.theben.de\/product\/5009252\/datasheet\" target=\"_blank\" rel=\"noopener\">Per\u017ei\u016br\u0117ti<\/a><\/p>","protected":false},"excerpt":{"rendered":"<p>KNX slave clock, e.g., for schools and gyms, limited ball impact resistance, FMPTA test certificate according to DIN 18 032<\/p>","protected":false},"featured_media":31636,"template":"","meta":[],"product_brand":[],"product_cat":[825],"product_tag":[],"class_list":{"0":"post-31636","1":"product","2":"type-product","3":"status-publish","4":"has-post-thumbnail","6":"product_cat-system-devices-and-kits","8":"first","9":"outofstock","10":"taxable","11":"shipping-taxable","12":"purchasable","13":"product-type-simple"},"_links":{"self":[{"href":"https:\/\/shop.vallin.lv\/lt\/wp-json\/wp\/v2\/product\/31636","targetHints":{"allow":["GET"]}}],"collection":[{"href":"https:\/\/shop.vallin.lv\/lt\/wp-json\/wp\/v2\/product"}],"about":[{"href":"https:\/\/shop.vallin.lv\/lt\/wp-json\/wp\/v2\/types\/product"}],"version-history":[{"count":4,"href":"https:\/\/shop.vallin.lv\/lt\/wp-json\/wp\/v2\/product\/31636\/revisions"}],"predecessor-version":[{"id":68410,"href":"https:\/\/shop.vallin.lv\/lt\/wp-json\/wp\/v2\/product\/31636\/revisions\/68410"}],"wp:featuredmedia":[{"embeddable":true,"href":"https:\/\/shop.vallin.lv\/lt\/wp-json\/wp\/v2\/product\/31636"}],"wp:attachment":[{"href":"https:\/\/shop.vallin.lv\/lt\/wp-json\/wp\/v2\/media?parent=31636"}],"wp:term":[{"taxonomy":"product_brand","embeddable":true,"href":"https:\/\/shop.vallin.lv\/lt\/wp-json\/wp\/v2\/product_brand?post=31636"},{"taxonomy":"product_cat","embeddable":true,"href":"https:\/\/shop.vallin.lv\/lt\/wp-json\/wp\/v2\/product_cat?post=31636"},{"taxonomy":"product_tag","embeddable":true,"href":"https:\/\/shop.vallin.lv\/lt\/wp-json\/wp\/v2\/product_tag?post=31636"}],"curies":[{"name":"wp","href":"https:\/\/api.w.org\/{rel}","templated":true}]}}