{"id":31449,"date":"2025-12-10T20:22:52","date_gmt":"2025-12-10T18:22:52","guid":{"rendered":"https:\/\/shop.vallin.lv\/product\/knx-universal-dimming-actuator-4-way-2\/"},"modified":"2026-04-16T14:21:45","modified_gmt":"2026-04-16T12:21:45","slug":"knx-universal-dimming-actuator-4-way-2","status":"publish","type":"product","link":"https:\/\/shop.vallin.lv\/lt\/produktas\/knx-universal-dimming-actuator-4-way-2\/","title":{"rendered":"KNX universalus dimmerio (\u0161viesos reguliatoriaus) aktyvatorius, 4 kanal\u0173"},"content":{"rendered":"<p>KNX universal dimming actuator, 4-way, series installation housing, width 4 TE, dimming range 0-100%, maximum load: 4x200 W\/VA, for dimming incandescent lamps, low-voltage and high-voltage halogen lamps, dimmable energy-saving lamps, dimmable LED retrofit lamps. Different dimming curves enable stepless dimming of all lamp types, also suitable for controlling many fans, automatic load detection (selectable), manual operation 0, 25, 50, 75, and 100% or test<\/p>\n<p><a href=\"https:\/\/www.theben.de\/product\/4940280\/operating-instructions\" target=\"_blank\" rel=\"noopener\">Atsisi\u0173sti daugiau informacijos<\/a><\/p>\n<p><a href=\"https:\/\/www.theben.de\/product\/4940280\" target=\"_blank\" rel=\"noopener\">Daugiau informacijos<\/a><\/p>\n<p>Duomen\u0173 lapas:<br \/>\n<a href=\"https:\/\/www.theben.de\/product\/4940280\/datasheet\" target=\"_blank\" rel=\"noopener\">Per\u017ei\u016br\u0117ti<\/a><\/p>","protected":false},"excerpt":{"rendered":"<p>KNX universal dimming actuator, 4-way, series installation housing, width 4 TE, dimming range 0-100%, maximum load: 4&#215;200 W\/VA, for dimming<\/p>","protected":false},"featured_media":31449,"template":"","meta":[],"product_brand":[],"product_cat":[826],"product_tag":[],"class_list":{"0":"post-31449","1":"product","2":"type-product","3":"status-publish","4":"has-post-thumbnail","6":"product_cat-actuators-and-gateways","8":"first","9":"instock","10":"taxable","11":"shipping-taxable","12":"purchasable","13":"product-type-simple"},"_links":{"self":[{"href":"https:\/\/shop.vallin.lv\/lt\/wp-json\/wp\/v2\/product\/31449","targetHints":{"allow":["GET"]}}],"collection":[{"href":"https:\/\/shop.vallin.lv\/lt\/wp-json\/wp\/v2\/product"}],"about":[{"href":"https:\/\/shop.vallin.lv\/lt\/wp-json\/wp\/v2\/types\/product"}],"version-history":[{"count":4,"href":"https:\/\/shop.vallin.lv\/lt\/wp-json\/wp\/v2\/product\/31449\/revisions"}],"predecessor-version":[{"id":68343,"href":"https:\/\/shop.vallin.lv\/lt\/wp-json\/wp\/v2\/product\/31449\/revisions\/68343"}],"wp:featuredmedia":[{"embeddable":true,"href":"https:\/\/shop.vallin.lv\/lt\/wp-json\/wp\/v2\/product\/31449"}],"wp:attachment":[{"href":"https:\/\/shop.vallin.lv\/lt\/wp-json\/wp\/v2\/media?parent=31449"}],"wp:term":[{"taxonomy":"product_brand","embeddable":true,"href":"https:\/\/shop.vallin.lv\/lt\/wp-json\/wp\/v2\/product_brand?post=31449"},{"taxonomy":"product_cat","embeddable":true,"href":"https:\/\/shop.vallin.lv\/lt\/wp-json\/wp\/v2\/product_cat?post=31449"},{"taxonomy":"product_tag","embeddable":true,"href":"https:\/\/shop.vallin.lv\/lt\/wp-json\/wp\/v2\/product_tag?post=31449"}],"curies":[{"name":"wp","href":"https:\/\/api.w.org\/{rel}","templated":true}]}}