{"id":31392,"date":"2025-12-10T20:21:59","date_gmt":"2025-12-10T18:21:59","guid":{"rendered":"https:\/\/shop.vallin.lv\/product\/knx-8-way-switch-actuator-c-load-2\/"},"modified":"2026-05-07T15:56:12","modified_gmt":"2026-05-07T13:56:12","slug":"knx-8-way-switch-actuator-c-load-2","status":"publish","type":"product","link":"https:\/\/shop.vallin.lv\/lt\/produktas\/knx-8-way-switch-actuator-c-load-2\/","title":{"rendered":"KNX 8 kanal\u0173 jungimo aktyvatorius, C apkrova"},"content":{"rendered":"<p>KNX switch actuator with relay outputs for 8 switching channels, series installation housing width 4 TE, C load, LED switching status indicator for each channel, manual switch with status indicator (even without bus voltage), links, contact type (normally open\/normally closed) and participation in central commands such as permanent on, permanent off, central switching and scene storage\/retrieval, switching functions: On\/Off, Pulse, On\/Off delay, Staircase lighting with warning according to DIN 18015-2, logical links: Lock, AND, Release, OR. Feedback object for each channel, central objects with and without priority, call up and save scenes (object), scene object for each channel<\/p>\n<p><a href=\"https:\/\/www.theben.de\/product\/4940220\/operating-instructions\" target=\"_blank\" rel=\"noopener\">Atsisi\u0173sti daugiau informacijos<\/a><\/p>\n<p><a href=\"https:\/\/www.theben.de\/product\/4940220\" target=\"_blank\" rel=\"noopener\">Daugiau informacijos<\/a><\/p>\n<p>Duomen\u0173 lapas:<br \/>\n<a href=\"https:\/\/www.theben.de\/product\/4940220\/datasheet\" target=\"_blank\" rel=\"noopener\">Per\u017ei\u016br\u0117ti<\/a><\/p>","protected":false},"excerpt":{"rendered":"<p>KNX switch actuator with relay outputs for 8 switching channels, series installation housing width 4 TE, C load, LED switching<\/p>","protected":false},"featured_media":31392,"template":"","meta":[],"product_brand":[],"product_cat":[826],"product_tag":[],"class_list":{"0":"post-31392","1":"product","2":"type-product","3":"status-publish","4":"has-post-thumbnail","6":"product_cat-actuators-and-gateways","8":"first","9":"instock","10":"taxable","11":"shipping-taxable","12":"purchasable","13":"product-type-simple"},"_links":{"self":[{"href":"https:\/\/shop.vallin.lv\/lt\/wp-json\/wp\/v2\/product\/31392","targetHints":{"allow":["GET"]}}],"collection":[{"href":"https:\/\/shop.vallin.lv\/lt\/wp-json\/wp\/v2\/product"}],"about":[{"href":"https:\/\/shop.vallin.lv\/lt\/wp-json\/wp\/v2\/types\/product"}],"version-history":[{"count":4,"href":"https:\/\/shop.vallin.lv\/lt\/wp-json\/wp\/v2\/product\/31392\/revisions"}],"predecessor-version":[{"id":68330,"href":"https:\/\/shop.vallin.lv\/lt\/wp-json\/wp\/v2\/product\/31392\/revisions\/68330"}],"wp:featuredmedia":[{"embeddable":true,"href":"https:\/\/shop.vallin.lv\/lt\/wp-json\/wp\/v2\/product\/31392"}],"wp:attachment":[{"href":"https:\/\/shop.vallin.lv\/lt\/wp-json\/wp\/v2\/media?parent=31392"}],"wp:term":[{"taxonomy":"product_brand","embeddable":true,"href":"https:\/\/shop.vallin.lv\/lt\/wp-json\/wp\/v2\/product_brand?post=31392"},{"taxonomy":"product_cat","embeddable":true,"href":"https:\/\/shop.vallin.lv\/lt\/wp-json\/wp\/v2\/product_cat?post=31392"},{"taxonomy":"product_tag","embeddable":true,"href":"https:\/\/shop.vallin.lv\/lt\/wp-json\/wp\/v2\/product_tag?post=31392"}],"curies":[{"name":"wp","href":"https:\/\/api.w.org\/{rel}","templated":true}]}}