{"id":31075,"date":"2025-12-10T20:17:42","date_gmt":"2025-12-10T18:17:42","guid":{"rendered":"https:\/\/shop.vallin.lv\/product\/presence-detector-pir-with-cable-and-wieland-gst18-plugs-detection-range-8-m-1-x-light-3\/"},"modified":"2026-04-16T14:21:06","modified_gmt":"2026-04-16T12:21:06","slug":"presence-detector-pir-with-cable-and-wieland-gst18-plugs-detection-range-8-m-1-x-light-3","status":"publish","type":"product","link":"https:\/\/shop.vallin.lv\/lt\/produktas\/presence-detector-pir-with-cable-and-wieland-gst18-plugs-detection-range-8-m-1-x-light-3\/","title":{"rendered":"Buvio detektorius (PIR), su kabeliu ir Wieland GST18 ki\u0161tukais, aptikimo diapazonas 8 m, 1 x \u0161viesa"},"content":{"rendered":"<p>Presence detector (PIR), with cable and Wieland GST18 plugs, detection range 8 m, 1 x light, cable length 0.9 m, round detection range, automatic brightness-dependent control for lighting, mixed light measurement, adjustable switch-off delay, adjustable sensitivity, preset values (remote parameterization possible)<\/p>\n<p><a href=\"https:\/\/www.theben.de\/product\/2080570\/operating-instructions\" target=\"_blank\" rel=\"noopener\">Atsisi\u0173sti daugiau informacijos<\/a><\/p>\n<p><a href=\"https:\/\/www.theben.de\/product\/2080570\" target=\"_blank\" rel=\"noopener\">Daugiau informacijos<\/a><\/p>\n<p>Duomen\u0173 lapas:<br \/>\n<a href=\"https:\/\/www.theben.de\/product\/2080570\/datasheet\" target=\"_blank\" rel=\"noopener\">Per\u017ei\u016br\u0117ti<\/a><\/p>","protected":false},"excerpt":{"rendered":"<p>Presence detector (PIR), with cable and Wieland GST18 plugs, detection range 8 m, 1 x light, cable length 0.9 m,<\/p>","protected":false},"featured_media":31075,"template":"","meta":[],"product_brand":[],"product_cat":[892],"product_tag":[],"class_list":{"0":"post-31075","1":"product","2":"type-product","3":"status-publish","4":"has-post-thumbnail","6":"product_cat-ceilingmounted-indoor-presence-and-motion-sensors","8":"first","9":"outofstock","10":"taxable","11":"shipping-taxable","12":"purchasable","13":"product-type-simple"},"_links":{"self":[{"href":"https:\/\/shop.vallin.lv\/lt\/wp-json\/wp\/v2\/product\/31075","targetHints":{"allow":["GET"]}}],"collection":[{"href":"https:\/\/shop.vallin.lv\/lt\/wp-json\/wp\/v2\/product"}],"about":[{"href":"https:\/\/shop.vallin.lv\/lt\/wp-json\/wp\/v2\/types\/product"}],"version-history":[{"count":4,"href":"https:\/\/shop.vallin.lv\/lt\/wp-json\/wp\/v2\/product\/31075\/revisions"}],"predecessor-version":[{"id":68213,"href":"https:\/\/shop.vallin.lv\/lt\/wp-json\/wp\/v2\/product\/31075\/revisions\/68213"}],"wp:featuredmedia":[{"embeddable":true,"href":"https:\/\/shop.vallin.lv\/lt\/wp-json\/wp\/v2\/product\/31075"}],"wp:attachment":[{"href":"https:\/\/shop.vallin.lv\/lt\/wp-json\/wp\/v2\/media?parent=31075"}],"wp:term":[{"taxonomy":"product_brand","embeddable":true,"href":"https:\/\/shop.vallin.lv\/lt\/wp-json\/wp\/v2\/product_brand?post=31075"},{"taxonomy":"product_cat","embeddable":true,"href":"https:\/\/shop.vallin.lv\/lt\/wp-json\/wp\/v2\/product_cat?post=31075"},{"taxonomy":"product_tag","embeddable":true,"href":"https:\/\/shop.vallin.lv\/lt\/wp-json\/wp\/v2\/product_tag?post=31075"}],"curies":[{"name":"wp","href":"https:\/\/api.w.org\/{rel}","templated":true}]}}