{"id":30973,"date":"2025-12-10T20:16:18","date_gmt":"2025-12-10T18:16:18","guid":{"rendered":"https:\/\/shop.vallin.lv\/product\/presence-detector-for-ceiling-mounting-control-for-lighting-and-hvac-7\/"},"modified":"2026-04-16T14:21:10","modified_gmt":"2026-04-16T12:21:10","slug":"presence-detector-for-ceiling-mounting-control-for-lighting-and-hvac-7","status":"publish","type":"product","link":"https:\/\/shop.vallin.lv\/lt\/produktas\/presence-detector-for-ceiling-mounting-control-for-lighting-and-hvac-7\/","title":{"rendered":"Buvio detektorius lub\u0173 montavimui, ap\u0161vietimo ir \u0160VOK valdymui"},"content":{"rendered":"<p>Presence detector for ceiling mounting, round detection area, automatic presence and brightness-dependent control for lighting and HVAC, switchable between fully automatic and semi-automatic operation, parallel connection of master-master and master-slave possible, teach-in function, mixed light measurement, channel A light: Adjustable switch-off delay, staircase lighting function, connection option for push button or switch for manual switching, with automatic push button\/switch detection, Channel H Presence: Potential-free, adjustable sensitivity, master-master or master-slave switching possible, remote parameterization possible<\/p>\n<p><a href=\"https:\/\/www.theben.de\/product\/2080025\/operating-instructions\" target=\"_blank\" rel=\"noopener\">Atsisi\u0173sti daugiau informacijos<\/a><\/p>\n<p><a href=\"https:\/\/www.theben.de\/product\/2080025\" target=\"_blank\" rel=\"noopener\">Daugiau informacijos<\/a><\/p>\n<p>Duomen\u0173 lapas:<br \/>\n<a href=\"https:\/\/www.theben.de\/product\/2080025\/datasheet\" target=\"_blank\" rel=\"noopener\">Per\u017ei\u016br\u0117ti<\/a><\/p>","protected":false},"excerpt":{"rendered":"<p>Presence detector for ceiling mounting, round detection area, automatic presence and brightness-dependent control for lighting and HVAC, switchable between fully<\/p>","protected":false},"featured_media":30973,"template":"","meta":[],"product_brand":[],"product_cat":[892],"product_tag":[],"class_list":{"0":"post-30973","1":"product","2":"type-product","3":"status-publish","4":"has-post-thumbnail","6":"product_cat-ceilingmounted-indoor-presence-and-motion-sensors","8":"first","9":"outofstock","10":"taxable","11":"shipping-taxable","12":"purchasable","13":"product-type-simple"},"_links":{"self":[{"href":"https:\/\/shop.vallin.lv\/lt\/wp-json\/wp\/v2\/product\/30973","targetHints":{"allow":["GET"]}}],"collection":[{"href":"https:\/\/shop.vallin.lv\/lt\/wp-json\/wp\/v2\/product"}],"about":[{"href":"https:\/\/shop.vallin.lv\/lt\/wp-json\/wp\/v2\/types\/product"}],"version-history":[{"count":4,"href":"https:\/\/shop.vallin.lv\/lt\/wp-json\/wp\/v2\/product\/30973\/revisions"}],"predecessor-version":[{"id":68177,"href":"https:\/\/shop.vallin.lv\/lt\/wp-json\/wp\/v2\/product\/30973\/revisions\/68177"}],"wp:featuredmedia":[{"embeddable":true,"href":"https:\/\/shop.vallin.lv\/lt\/wp-json\/wp\/v2\/product\/30973"}],"wp:attachment":[{"href":"https:\/\/shop.vallin.lv\/lt\/wp-json\/wp\/v2\/media?parent=30973"}],"wp:term":[{"taxonomy":"product_brand","embeddable":true,"href":"https:\/\/shop.vallin.lv\/lt\/wp-json\/wp\/v2\/product_brand?post=30973"},{"taxonomy":"product_cat","embeddable":true,"href":"https:\/\/shop.vallin.lv\/lt\/wp-json\/wp\/v2\/product_cat?post=30973"},{"taxonomy":"product_tag","embeddable":true,"href":"https:\/\/shop.vallin.lv\/lt\/wp-json\/wp\/v2\/product_tag?post=30973"}],"curies":[{"name":"wp","href":"https:\/\/api.w.org\/{rel}","templated":true}]}}