{"id":30889,"date":"2025-12-10T20:15:12","date_gmt":"2025-12-10T18:15:12","guid":{"rendered":"https:\/\/shop.vallin.lv\/product\/knx-presence-detector-for-flush-mounted-wall-installation-detection-range-14-x-17-m-2-x-lighting-2-x-hvac\/"},"modified":"2026-04-16T14:22:55","modified_gmt":"2026-04-16T12:22:55","slug":"knx-presence-detector-for-flush-mounted-wall-installation-detection-range-14-x-17-m-2-x-lighting-2-x-hvac","status":"publish","type":"product","link":"https:\/\/shop.vallin.lv\/lt\/produktas\/knx-presence-detector-for-flush-mounted-wall-installation-detection-range-14-x-17-m-2-x-lighting-2-x-hvac\/","title":{"rendered":"KNX buvio detektorius montuojamas ant sienos, aptikimo diapazonas 14 x 17 m, 2 x ap\u0161vietimas, 2 x \u0160VOK"},"content":{"rendered":"<p>Passive infrared presence detector for flush-mounted wall installation, 2 channels for lighting and 2 channels for HVAC, KNX Data-Secure, with Theben cover frame, cover frame for integration into common switch ranges available as an accessory, rectangular detection range 170\u00b0 up to 14x17 m, automatic presence and brightness-dependent control for lighting, switching or constant light control with standby functionality (orientation light), Dimmable lighting in switching mode with and without daylight influence, 2 binary inputs and 6 logic channels (AND, OR, XOR), aura function, scene functionality, integrated orientation light (white), integrated temperature sensor, Acoustic function, operation as full or semi-automatic, switchable, adjustable brightness switching value, teach-in function, adjustable switch-on delay and follow-up time, restriction of the detection range possible, integrated button freely parameterizable (can be blocked), extension of the detection range through master\/slave circuit, remote controllable<\/p>\n<p><a href=\"https:\/\/www.theben.de\/product\/2069655\/operating-instructions\" target=\"_blank\" rel=\"noopener\">Atsisi\u0173sti daugiau informacijos<\/a><\/p>\n<p><a href=\"https:\/\/www.theben.de\/product\/2069655\" target=\"_blank\" rel=\"noopener\">Daugiau informacijos<\/a><\/p>\n<p>Duomen\u0173 lapas:<br \/>\n<a href=\"https:\/\/www.theben.de\/product\/2069655\/datasheet\" target=\"_blank\" rel=\"noopener\">Per\u017ei\u016br\u0117ti<\/a><\/p>","protected":false},"excerpt":{"rendered":"<p>Passive infrared presence detector for flush-mounted wall installation, 2 channels for lighting and 2 channels for HVAC, KNX Data-Secure, with<\/p>","protected":false},"featured_media":30889,"template":"","meta":[],"product_brand":[],"product_cat":[823],"product_tag":[],"class_list":{"0":"post-30889","1":"product","2":"type-product","3":"status-publish","4":"has-post-thumbnail","6":"product_cat-presence-and-motion-sensors-building-management-knx","8":"first","9":"instock","10":"taxable","11":"shipping-taxable","12":"purchasable","13":"product-type-simple"},"_links":{"self":[{"href":"https:\/\/shop.vallin.lv\/lt\/wp-json\/wp\/v2\/product\/30889","targetHints":{"allow":["GET"]}}],"collection":[{"href":"https:\/\/shop.vallin.lv\/lt\/wp-json\/wp\/v2\/product"}],"about":[{"href":"https:\/\/shop.vallin.lv\/lt\/wp-json\/wp\/v2\/types\/product"}],"version-history":[{"count":4,"href":"https:\/\/shop.vallin.lv\/lt\/wp-json\/wp\/v2\/product\/30889\/revisions"}],"predecessor-version":[{"id":68150,"href":"https:\/\/shop.vallin.lv\/lt\/wp-json\/wp\/v2\/product\/30889\/revisions\/68150"}],"wp:featuredmedia":[{"embeddable":true,"href":"https:\/\/shop.vallin.lv\/lt\/wp-json\/wp\/v2\/product\/30889"}],"wp:attachment":[{"href":"https:\/\/shop.vallin.lv\/lt\/wp-json\/wp\/v2\/media?parent=30889"}],"wp:term":[{"taxonomy":"product_brand","embeddable":true,"href":"https:\/\/shop.vallin.lv\/lt\/wp-json\/wp\/v2\/product_brand?post=30889"},{"taxonomy":"product_cat","embeddable":true,"href":"https:\/\/shop.vallin.lv\/lt\/wp-json\/wp\/v2\/product_cat?post=30889"},{"taxonomy":"product_tag","embeddable":true,"href":"https:\/\/shop.vallin.lv\/lt\/wp-json\/wp\/v2\/product_tag?post=30889"}],"curies":[{"name":"wp","href":"https:\/\/api.w.org\/{rel}","templated":true}]}}