{"id":30875,"date":"2025-12-10T20:15:02","date_gmt":"2025-12-10T18:15:02","guid":{"rendered":"https:\/\/shop.vallin.lv\/product\/slave-motion-presence-detector-flush-mounted-wall-installation-white-with-frame\/"},"modified":"2026-04-16T14:22:55","modified_gmt":"2026-04-16T12:22:55","slug":"slave-motion-presence-detector-flush-mounted-wall-installation-white-with-frame","status":"publish","type":"product","link":"https:\/\/shop.vallin.lv\/lt\/produktas\/slave-motion-presence-detector-flush-mounted-wall-installation-white-with-frame\/","title":{"rendered":"Pavaldus judesio \/ buvio daviklis, \u012fleid\u017eiamas sieniniam montavimui, baltas, su r\u0117meliu"},"content":{"rendered":"<p>Passive infrared motion\/presence detector for flush-mounted wall installation, slave version, with Theben cover frame, semicircular detection range 170\u00b0 up to 14x17 m, detection range can be restricted, integrated push button (can be blocked)<\/p>\n<p><a href=\"https:\/\/www.theben.de\/product\/2060660\/operating-instructions\" target=\"_blank\" rel=\"noopener\">Atsisi\u0173sti daugiau informacijos<\/a><\/p>\n<p><a href=\"https:\/\/www.theben.de\/product\/2060660\" target=\"_blank\" rel=\"noopener\">Daugiau informacijos<\/a><\/p>\n<p>Duomen\u0173 lapas:<br \/>\n<a href=\"https:\/\/www.theben.de\/product\/2060660\/datasheet\" target=\"_blank\" rel=\"noopener\">Per\u017ei\u016br\u0117ti<\/a><\/p>","protected":false},"excerpt":{"rendered":"<p>Passive infrared motion\/presence detector for flush-mounted wall installation, slave version, with Theben cover frame, semicircular detection range 170\u00b0 up to<\/p>","protected":false},"featured_media":30875,"template":"","meta":[],"product_brand":[],"product_cat":[891],"product_tag":[],"class_list":{"0":"post-30875","1":"product","2":"type-product","3":"status-publish","4":"has-post-thumbnail","6":"product_cat-wallmounted-indoor-presence-and-motion-sensors","8":"first","9":"outofstock","10":"taxable","11":"shipping-taxable","12":"purchasable","13":"product-type-simple"},"_links":{"self":[{"href":"https:\/\/shop.vallin.lv\/lt\/wp-json\/wp\/v2\/product\/30875","targetHints":{"allow":["GET"]}}],"collection":[{"href":"https:\/\/shop.vallin.lv\/lt\/wp-json\/wp\/v2\/product"}],"about":[{"href":"https:\/\/shop.vallin.lv\/lt\/wp-json\/wp\/v2\/types\/product"}],"version-history":[{"count":4,"href":"https:\/\/shop.vallin.lv\/lt\/wp-json\/wp\/v2\/product\/30875\/revisions"}],"predecessor-version":[{"id":68143,"href":"https:\/\/shop.vallin.lv\/lt\/wp-json\/wp\/v2\/product\/30875\/revisions\/68143"}],"wp:featuredmedia":[{"embeddable":true,"href":"https:\/\/shop.vallin.lv\/lt\/wp-json\/wp\/v2\/product\/30875"}],"wp:attachment":[{"href":"https:\/\/shop.vallin.lv\/lt\/wp-json\/wp\/v2\/media?parent=30875"}],"wp:term":[{"taxonomy":"product_brand","embeddable":true,"href":"https:\/\/shop.vallin.lv\/lt\/wp-json\/wp\/v2\/product_brand?post=30875"},{"taxonomy":"product_cat","embeddable":true,"href":"https:\/\/shop.vallin.lv\/lt\/wp-json\/wp\/v2\/product_cat?post=30875"},{"taxonomy":"product_tag","embeddable":true,"href":"https:\/\/shop.vallin.lv\/lt\/wp-json\/wp\/v2\/product_tag?post=30875"}],"curies":[{"name":"wp","href":"https:\/\/api.w.org\/{rel}","templated":true}]}}