{"id":30871,"date":"2025-12-10T20:14:59","date_gmt":"2025-12-10T18:14:59","guid":{"rendered":"https:\/\/shop.vallin.lv\/product\/presence-detector-for-wall-mounting-light-and-presence-with-frame\/"},"modified":"2026-04-22T13:50:16","modified_gmt":"2026-04-22T11:50:16","slug":"presence-detector-for-wall-mounting-light-and-presence-with-frame","status":"publish","type":"product","link":"https:\/\/shop.vallin.lv\/lt\/produktas\/presence-detector-for-wall-mounting-light-and-presence-with-frame\/","title":{"rendered":"Buvimo detektorius, skirtas montuoti ant sienos, \u0161viesai ir buvimui, su r\u0117meliu"},"content":{"rendered":"<p>Passive infrared presence detector for flush-mounted wall installation, 1 channel light and 1 channel presence, with Theben cover frame, semicircular detection range 170\u00b0 up to 14x17 m, automatic presence and brightness-dependent control for lighting, acoustic function and orientation light, automatic brightness measurement adjustment, adjustable sensitivity, external push button can be connected, Short-term presence, remote controllable, operation as fully or semi-automatic, switchable, adjustable brightness switching value, teach-in function, staircase light and pulse function, adjustable switch-on delay and follow-up time, detection range can be restricted, integrated push button (can be blocked), extension of the detection range via master\/slave circuit<\/p>\n<p><a href=\"https:\/\/www.theben.de\/product\/2060655\/operating-instructions\" target=\"_blank\" rel=\"noopener\">Atsisi\u0173sti daugiau informacijos<\/a><\/p>\n<p><a href=\"https:\/\/www.theben.de\/product\/2060655\" target=\"_blank\" rel=\"noopener\">Daugiau informacijos<\/a><\/p>\n<p>Duomen\u0173 lapas:<br \/>\n<a href=\"https:\/\/www.theben.de\/product\/2060655\/datasheet\" target=\"_blank\" rel=\"noopener\">Per\u017ei\u016br\u0117ti<\/a><\/p>","protected":false},"excerpt":{"rendered":"<p>Passive infrared presence detector for flush-mounted wall installation, 1 channel light and 1 channel presence, with Theben cover frame, semicircular<\/p>","protected":false},"featured_media":30871,"template":"","meta":[],"product_brand":[],"product_cat":[891],"product_tag":[],"class_list":{"0":"post-30871","1":"product","2":"type-product","3":"status-publish","4":"has-post-thumbnail","6":"product_cat-wallmounted-indoor-presence-and-motion-sensors","8":"first","9":"instock","10":"taxable","11":"shipping-taxable","12":"purchasable","13":"product-type-simple"},"_links":{"self":[{"href":"https:\/\/shop.vallin.lv\/lt\/wp-json\/wp\/v2\/product\/30871","targetHints":{"allow":["GET"]}}],"collection":[{"href":"https:\/\/shop.vallin.lv\/lt\/wp-json\/wp\/v2\/product"}],"about":[{"href":"https:\/\/shop.vallin.lv\/lt\/wp-json\/wp\/v2\/types\/product"}],"version-history":[{"count":4,"href":"https:\/\/shop.vallin.lv\/lt\/wp-json\/wp\/v2\/product\/30871\/revisions"}],"predecessor-version":[{"id":68141,"href":"https:\/\/shop.vallin.lv\/lt\/wp-json\/wp\/v2\/product\/30871\/revisions\/68141"}],"wp:featuredmedia":[{"embeddable":true,"href":"https:\/\/shop.vallin.lv\/lt\/wp-json\/wp\/v2\/product\/30871"}],"wp:attachment":[{"href":"https:\/\/shop.vallin.lv\/lt\/wp-json\/wp\/v2\/media?parent=30871"}],"wp:term":[{"taxonomy":"product_brand","embeddable":true,"href":"https:\/\/shop.vallin.lv\/lt\/wp-json\/wp\/v2\/product_brand?post=30871"},{"taxonomy":"product_cat","embeddable":true,"href":"https:\/\/shop.vallin.lv\/lt\/wp-json\/wp\/v2\/product_cat?post=30871"},{"taxonomy":"product_tag","embeddable":true,"href":"https:\/\/shop.vallin.lv\/lt\/wp-json\/wp\/v2\/product_tag?post=30871"}],"curies":[{"name":"wp","href":"https:\/\/api.w.org\/{rel}","templated":true}]}}