{"id":30869,"date":"2025-12-10T20:14:58","date_gmt":"2025-12-10T18:14:58","guid":{"rendered":"https:\/\/shop.vallin.lv\/product\/motion-detector-wall-mounted-light-with-frame\/"},"modified":"2026-04-20T15:02:00","modified_gmt":"2026-04-20T13:02:00","slug":"motion-detector-wall-mounted-light-with-frame","status":"publish","type":"product","link":"https:\/\/shop.vallin.lv\/lt\/produktas\/motion-detector-wall-mounted-light-with-frame\/","title":{"rendered":"Judesio detektorius, sieninis, lengvas, su r\u0117meliu"},"content":{"rendered":"<p>Passive infrared motion detector for flush-mounted wall installation, 1 channel light, with Theben cover frame, semicircular detection range 170\u00b0 up to 14x17 m, automatic presence and brightness-dependent control for lighting, operation as fully or semi-automatic, switchable, adjustable brightness switching value, teach-in function, staircase light and pulse function, switch-on delay and follow-up time adjustable, detection range can be restricted, integrated button (can be blocked), detection range can be extended using master\/slave circuit<\/p>\n<p><a href=\"https:\/\/www.theben.de\/product\/2060650\/operating-instructions\" target=\"_blank\" rel=\"noopener\">Atsisi\u0173sti daugiau informacijos<\/a><\/p>\n<p><a href=\"https:\/\/www.theben.de\/product\/2060650\" target=\"_blank\" rel=\"noopener\">Daugiau informacijos<\/a><\/p>\n<p>Duomen\u0173 lapas:<br \/>\n<a href=\"https:\/\/www.theben.de\/product\/2060650\/datasheet\" target=\"_blank\" rel=\"noopener\">Per\u017ei\u016br\u0117ti<\/a><\/p>","protected":false},"excerpt":{"rendered":"<p>Passive infrared motion detector for flush-mounted wall installation, 1 channel light, with Theben cover frame, semicircular detection range 170\u00b0 up<\/p>","protected":false},"featured_media":30869,"template":"","meta":[],"product_brand":[],"product_cat":[891],"product_tag":[],"class_list":{"0":"post-30869","1":"product","2":"type-product","3":"status-publish","4":"has-post-thumbnail","6":"product_cat-wallmounted-indoor-presence-and-motion-sensors","8":"first","9":"instock","10":"taxable","11":"shipping-taxable","12":"purchasable","13":"product-type-simple"},"_links":{"self":[{"href":"https:\/\/shop.vallin.lv\/lt\/wp-json\/wp\/v2\/product\/30869","targetHints":{"allow":["GET"]}}],"collection":[{"href":"https:\/\/shop.vallin.lv\/lt\/wp-json\/wp\/v2\/product"}],"about":[{"href":"https:\/\/shop.vallin.lv\/lt\/wp-json\/wp\/v2\/types\/product"}],"version-history":[{"count":4,"href":"https:\/\/shop.vallin.lv\/lt\/wp-json\/wp\/v2\/product\/30869\/revisions"}],"predecessor-version":[{"id":68140,"href":"https:\/\/shop.vallin.lv\/lt\/wp-json\/wp\/v2\/product\/30869\/revisions\/68140"}],"wp:featuredmedia":[{"embeddable":true,"href":"https:\/\/shop.vallin.lv\/lt\/wp-json\/wp\/v2\/product\/30869"}],"wp:attachment":[{"href":"https:\/\/shop.vallin.lv\/lt\/wp-json\/wp\/v2\/media?parent=30869"}],"wp:term":[{"taxonomy":"product_brand","embeddable":true,"href":"https:\/\/shop.vallin.lv\/lt\/wp-json\/wp\/v2\/product_brand?post=30869"},{"taxonomy":"product_cat","embeddable":true,"href":"https:\/\/shop.vallin.lv\/lt\/wp-json\/wp\/v2\/product_cat?post=30869"},{"taxonomy":"product_tag","embeddable":true,"href":"https:\/\/shop.vallin.lv\/lt\/wp-json\/wp\/v2\/product_tag?post=30869"}],"curies":[{"name":"wp","href":"https:\/\/api.w.org\/{rel}","templated":true}]}}