{"id":30760,"date":"2025-12-10T20:13:37","date_gmt":"2025-12-10T18:13:37","guid":{"rendered":"https:\/\/shop.vallin.lv\/product\/series-installation-2-channel-timer-astronomical-24v-2-te\/"},"modified":"2026-01-22T15:13:28","modified_gmt":"2026-01-22T13:13:28","slug":"series-installation-2-channel-timer-astronomical-24v-2-te","status":"publish","type":"product","link":"https:\/\/shop.vallin.lv\/lt\/produktas\/series-installation-2-channel-timer-astronomical-24v-2-te\/","title":{"rendered":"Serijinis 2 kanal\u0173 laikmatis, astronominis, 24\u202fV, 2\u202fTE"},"content":{"rendered":"<p>Digital astro timer for DIN rail, 2 external inputs, astronomical program switches at sunrise and sunset, database with city names, text-oriented user guidance on the display, width 2 TE, power reserve and programmed summer\/winter time changeover, daily and weekly program, DuoFix plug-in terminals, OBELISK interface for PC programming, 2 channels<\/p>\n<p><a href=\"https:\/\/www.theben.de\/product\/1724100\/operating-instructions\" target=\"_blank\" rel=\"noopener\">Atsisi\u0173sti daugiau informacijos<\/a><\/p>\n<p><a href=\"https:\/\/www.theben.de\/product\/1724100\" target=\"_blank\" rel=\"noopener\">Daugiau informacijos<\/a><\/p>\n<p>Duomen\u0173 lapas:<br \/>\n<a href=\"https:\/\/www.theben.de\/product\/1724100\/datasheet\" target=\"_blank\" rel=\"noopener\">Per\u017ei\u016br\u0117ti<\/a><\/p>","protected":false},"excerpt":{"rendered":"<p>Digital astro timer for DIN rail, 2 external inputs, astronomical program switches at sunrise and sunset, database with city names,<\/p>","protected":false},"featured_media":0,"template":"","meta":[],"product_brand":[],"product_cat":[929],"product_tag":[],"class_list":{"0":"post-30760","1":"product","2":"type-product","3":"status-publish","5":"product_cat-din-digital-timers","7":"first","8":"outofstock","9":"taxable","10":"shipping-taxable","11":"product-type-simple"},"_links":{"self":[{"href":"https:\/\/shop.vallin.lv\/lt\/wp-json\/wp\/v2\/product\/30760","targetHints":{"allow":["GET"]}}],"collection":[{"href":"https:\/\/shop.vallin.lv\/lt\/wp-json\/wp\/v2\/product"}],"about":[{"href":"https:\/\/shop.vallin.lv\/lt\/wp-json\/wp\/v2\/types\/product"}],"version-history":[{"count":4,"href":"https:\/\/shop.vallin.lv\/lt\/wp-json\/wp\/v2\/product\/30760\/revisions"}],"predecessor-version":[{"id":68108,"href":"https:\/\/shop.vallin.lv\/lt\/wp-json\/wp\/v2\/product\/30760\/revisions\/68108"}],"wp:attachment":[{"href":"https:\/\/shop.vallin.lv\/lt\/wp-json\/wp\/v2\/media?parent=30760"}],"wp:term":[{"taxonomy":"product_brand","embeddable":true,"href":"https:\/\/shop.vallin.lv\/lt\/wp-json\/wp\/v2\/product_brand?post=30760"},{"taxonomy":"product_cat","embeddable":true,"href":"https:\/\/shop.vallin.lv\/lt\/wp-json\/wp\/v2\/product_cat?post=30760"},{"taxonomy":"product_tag","embeddable":true,"href":"https:\/\/shop.vallin.lv\/lt\/wp-json\/wp\/v2\/product_tag?post=30760"}],"curies":[{"name":"wp","href":"https:\/\/api.w.org\/{rel}","templated":true}]}}