{"id":30746,"date":"2025-12-10T20:13:29","date_gmt":"2025-12-10T18:13:29","guid":{"rendered":"https:\/\/shop.vallin.lv\/product\/digital-timer-astro-and-weekly-program-1-channel-app-programming-possible\/"},"modified":"2026-05-07T15:56:07","modified_gmt":"2026-05-07T13:56:07","slug":"digital-timer-astro-and-weekly-program-1-channel-app-programming-possible","status":"publish","type":"product","link":"https:\/\/shop.vallin.lv\/lt\/produktas\/digital-timer-astro-and-weekly-program-1-channel-app-programming-possible\/","title":{"rendered":"Skaitmeninis laikmatis, astro ir savait\u0117s programa, 1 kanalas, program\u0173 programavimas galimas"},"content":{"rendered":"<p>Digital timer for DIN rail, 1 channel, astro and weekly program, width 2 TE, astronomical switching function, position data programmable via coordinates or country\/city list, app programming possible, secure transmission via optional Bluetooth Low Energy OBELISK top3, Maximum tamper resistance, time switch programs can only be transferred from the app to the clock when the Bluetooth OBELISK top3 is inserted in the clock, 100% compatible with top2, 600 watts LED power, 800 amps\/200 microseconds inrush current, 0.4 watts standby power, DuoFix plug-in terminals, power reserve and programmed summer\/winter time changeover, OBELISK interface for PC programming<\/p>\n<p><a href=\"https:\/\/www.theben.de\/product\/1700130\/operating-instructions\" target=\"_blank\" rel=\"noopener\">Atsisi\u0173sti daugiau informacijos<\/a><\/p>\n<p><a href=\"https:\/\/www.theben.de\/product\/1700130\" target=\"_blank\" rel=\"noopener\">Daugiau informacijos<\/a><\/p>\n<p>Duomen\u0173 lapas:<br \/>\n<a href=\"https:\/\/www.theben.de\/product\/1700130\/datasheet\" target=\"_blank\" rel=\"noopener\">Per\u017ei\u016br\u0117ti<\/a><\/p>","protected":false},"excerpt":{"rendered":"<p>Digital timer for DIN rail, 1 channel, astro and weekly program, width 2 TE, astronomical switching function, position data programmable<\/p>","protected":false},"featured_media":30746,"template":"","meta":[],"product_brand":[],"product_cat":[903],"product_tag":[],"class_list":{"0":"post-30746","1":"product","2":"type-product","3":"status-publish","4":"has-post-thumbnail","6":"product_cat-din-twilight-switches","8":"first","9":"instock","10":"taxable","11":"shipping-taxable","12":"purchasable","13":"product-type-simple"},"_links":{"self":[{"href":"https:\/\/shop.vallin.lv\/lt\/wp-json\/wp\/v2\/product\/30746","targetHints":{"allow":["GET"]}}],"collection":[{"href":"https:\/\/shop.vallin.lv\/lt\/wp-json\/wp\/v2\/product"}],"about":[{"href":"https:\/\/shop.vallin.lv\/lt\/wp-json\/wp\/v2\/types\/product"}],"version-history":[{"count":4,"href":"https:\/\/shop.vallin.lv\/lt\/wp-json\/wp\/v2\/product\/30746\/revisions"}],"predecessor-version":[{"id":68101,"href":"https:\/\/shop.vallin.lv\/lt\/wp-json\/wp\/v2\/product\/30746\/revisions\/68101"}],"wp:featuredmedia":[{"embeddable":true,"href":"https:\/\/shop.vallin.lv\/lt\/wp-json\/wp\/v2\/product\/30746"}],"wp:attachment":[{"href":"https:\/\/shop.vallin.lv\/lt\/wp-json\/wp\/v2\/media?parent=30746"}],"wp:term":[{"taxonomy":"product_brand","embeddable":true,"href":"https:\/\/shop.vallin.lv\/lt\/wp-json\/wp\/v2\/product_brand?post=30746"},{"taxonomy":"product_cat","embeddable":true,"href":"https:\/\/shop.vallin.lv\/lt\/wp-json\/wp\/v2\/product_cat?post=30746"},{"taxonomy":"product_tag","embeddable":true,"href":"https:\/\/shop.vallin.lv\/lt\/wp-json\/wp\/v2\/product_tag?post=30746"}],"curies":[{"name":"wp","href":"https:\/\/api.w.org\/{rel}","templated":true}]}}