{"id":30742,"date":"2025-12-10T20:13:27","date_gmt":"2025-12-10T18:13:27","guid":{"rendered":"https:\/\/shop.vallin.lv\/product\/analog-time-switch-with-daily-program-flush-mounted-in-control-cabinet-front-frame-72x72-mm\/"},"modified":"2026-03-12T15:30:49","modified_gmt":"2026-03-12T13:30:49","slug":"analog-time-switch-with-daily-program-flush-mounted-in-control-cabinet-front-frame-72x72-mm","status":"publish","type":"product","link":"https:\/\/shop.vallin.lv\/lt\/produktas\/analog-time-switch-with-daily-program-flush-mounted-in-control-cabinet-front-frame-72x72-mm\/","title":{"rendered":"Analoginis laiko jungiklis su kasdiene programa, montuojamas valdymo spintoje, priekinis r\u0117mas 72x72 mm"},"content":{"rendered":"<p>Analog time switch with daily program, built-in mounting in control cabinet, front frame 72x72 mm, shortest switching time 15 minutes, clock hand for time display, switching preselection, switching status display<\/p>\n<p><a href=\"https:\/\/www.theben.de\/product\/1640300\/operating-instructions\" target=\"_blank\" rel=\"noopener\">Atsisi\u0173sti daugiau informacijos<\/a><\/p>\n<p><a href=\"https:\/\/www.theben.de\/product\/1640300\" target=\"_blank\" rel=\"noopener\">Daugiau informacijos<\/a><\/p>\n<p>Duomen\u0173 lapas:<br \/>\n<a href=\"https:\/\/www.theben.de\/product\/1640300\/datasheet\" target=\"_blank\" rel=\"noopener\">Per\u017ei\u016br\u0117ti<\/a><\/p>","protected":false},"excerpt":{"rendered":"<p>Analog time switch with daily program, built-in mounting in control cabinet, front frame 72&#215;72 mm, shortest switching time 15 minutes,<\/p>","protected":false},"featured_media":30742,"template":"","meta":[],"product_brand":[],"product_cat":[897],"product_tag":[],"class_list":{"0":"post-30742","1":"product","2":"type-product","3":"status-publish","4":"has-post-thumbnail","6":"product_cat-wallmounted-analogue-time-switches","8":"first","9":"outofstock","10":"taxable","11":"shipping-taxable","12":"product-type-simple"},"_links":{"self":[{"href":"https:\/\/shop.vallin.lv\/lt\/wp-json\/wp\/v2\/product\/30742","targetHints":{"allow":["GET"]}}],"collection":[{"href":"https:\/\/shop.vallin.lv\/lt\/wp-json\/wp\/v2\/product"}],"about":[{"href":"https:\/\/shop.vallin.lv\/lt\/wp-json\/wp\/v2\/types\/product"}],"version-history":[{"count":4,"href":"https:\/\/shop.vallin.lv\/lt\/wp-json\/wp\/v2\/product\/30742\/revisions"}],"predecessor-version":[{"id":68099,"href":"https:\/\/shop.vallin.lv\/lt\/wp-json\/wp\/v2\/product\/30742\/revisions\/68099"}],"wp:featuredmedia":[{"embeddable":true,"href":"https:\/\/shop.vallin.lv\/lt\/wp-json\/wp\/v2\/product\/30742"}],"wp:attachment":[{"href":"https:\/\/shop.vallin.lv\/lt\/wp-json\/wp\/v2\/media?parent=30742"}],"wp:term":[{"taxonomy":"product_brand","embeddable":true,"href":"https:\/\/shop.vallin.lv\/lt\/wp-json\/wp\/v2\/product_brand?post=30742"},{"taxonomy":"product_cat","embeddable":true,"href":"https:\/\/shop.vallin.lv\/lt\/wp-json\/wp\/v2\/product_cat?post=30742"},{"taxonomy":"product_tag","embeddable":true,"href":"https:\/\/shop.vallin.lv\/lt\/wp-json\/wp\/v2\/product_tag?post=30742"}],"curies":[{"name":"wp","href":"https:\/\/api.w.org\/{rel}","templated":true}]}}