{"id":30543,"date":"2025-12-10T20:11:18","date_gmt":"2025-12-10T18:11:18","guid":{"rendered":"https:\/\/shop.vallin.lv\/product\/presence-detector-ceiling-mounting-detection-range-12-m-1-x-light-1-x-hvac\/"},"modified":"2026-04-16T14:22:56","modified_gmt":"2026-04-16T12:22:56","slug":"presence-detector-ceiling-mounting-detection-range-12-m-1-x-light-1-x-hvac","status":"publish","type":"product","link":"https:\/\/shop.vallin.lv\/lt\/produktas\/presence-detector-ceiling-mounting-detection-range-12-m-1-x-light-1-x-hvac\/","title":{"rendered":"Buvio detektorius, lub\u0173 Jungtis, aptikimo diapazonas 12 m, 1 x \u0161viesa, 1 x \u0160VOK"},"content":{"rendered":"<p>Passive infrared presence detector for surface mounting on ceilings, round detection area 360\u00b0, diameter 12 m (113 square Meters) at 3 m mounting height (transverse), diameter 5 m (20 square Meters) at 3 m mounting height (seated), 1 channel light (230 V relay) and 1 channel presence (potential-free relay for HVAC control), protection class IP 54 also suitable for use in damp rooms and outdoors (outdoor detection range 8 Meters diameter), Remote controllable, parallel connection with other LUXA 103 or theMura slaves possible, switching capacity optimized for LEDs up to 400 W, Semi-automatic or fully automatic operation, integrated push-button input, with pulse function, teach-in function, test function, and staircase lighting function, area restriction possible with cover clips, white housing, surface-mounted frame available in black or gray as a separate accessory<\/p>\n<p><a href=\"https:\/\/www.theben.de\/product\/1030063\/operating-instructions\" target=\"_blank\" rel=\"noopener\">Atsisi\u0173sti daugiau informacijos<\/a><\/p>\n<p><a href=\"https:\/\/www.theben.de\/product\/1030063\" target=\"_blank\" rel=\"noopener\">Daugiau informacijos<\/a><\/p>\n<p>Duomen\u0173 lapas:<br \/>\n<a href=\"https:\/\/www.theben.de\/product\/1030063\/datasheet\" target=\"_blank\" rel=\"noopener\">Per\u017ei\u016br\u0117ti<\/a><\/p>","protected":false},"excerpt":{"rendered":"<p>Passive infrared presence detector for surface mounting on ceilings, round detection area 360\u00b0, diameter 12 m (113 square Meters) at<\/p>","protected":false},"featured_media":30543,"template":"","meta":[],"product_brand":[],"product_cat":[892],"product_tag":[],"class_list":{"0":"post-30543","1":"product","2":"type-product","3":"status-publish","4":"has-post-thumbnail","6":"product_cat-ceilingmounted-indoor-presence-and-motion-sensors","8":"first","9":"instock","10":"taxable","11":"shipping-taxable","12":"purchasable","13":"product-type-simple"},"_links":{"self":[{"href":"https:\/\/shop.vallin.lv\/lt\/wp-json\/wp\/v2\/product\/30543","targetHints":{"allow":["GET"]}}],"collection":[{"href":"https:\/\/shop.vallin.lv\/lt\/wp-json\/wp\/v2\/product"}],"about":[{"href":"https:\/\/shop.vallin.lv\/lt\/wp-json\/wp\/v2\/types\/product"}],"version-history":[{"count":4,"href":"https:\/\/shop.vallin.lv\/lt\/wp-json\/wp\/v2\/product\/30543\/revisions"}],"predecessor-version":[{"id":68030,"href":"https:\/\/shop.vallin.lv\/lt\/wp-json\/wp\/v2\/product\/30543\/revisions\/68030"}],"wp:featuredmedia":[{"embeddable":true,"href":"https:\/\/shop.vallin.lv\/lt\/wp-json\/wp\/v2\/product\/30543"}],"wp:attachment":[{"href":"https:\/\/shop.vallin.lv\/lt\/wp-json\/wp\/v2\/media?parent=30543"}],"wp:term":[{"taxonomy":"product_brand","embeddable":true,"href":"https:\/\/shop.vallin.lv\/lt\/wp-json\/wp\/v2\/product_brand?post=30543"},{"taxonomy":"product_cat","embeddable":true,"href":"https:\/\/shop.vallin.lv\/lt\/wp-json\/wp\/v2\/product_cat?post=30543"},{"taxonomy":"product_tag","embeddable":true,"href":"https:\/\/shop.vallin.lv\/lt\/wp-json\/wp\/v2\/product_tag?post=30543"}],"curies":[{"name":"wp","href":"https:\/\/api.w.org\/{rel}","templated":true}]}}