{"id":30505,"date":"2025-12-10T20:10:34","date_gmt":"2025-12-10T18:10:34","guid":{"rendered":"https:\/\/shop.vallin.lv\/product\/presence-detector-for-ceiling-mounting-flush-surface-mounted-detection-range-12-m-1-x-light\/"},"modified":"2026-05-07T15:56:14","modified_gmt":"2026-05-07T13:56:14","slug":"presence-detector-for-ceiling-mounting-flush-surface-mounted-detection-range-12-m-1-x-light","status":"publish","type":"product","link":"https:\/\/shop.vallin.lv\/lt\/produktas\/presence-detector-for-ceiling-mounting-flush-surface-mounted-detection-range-12-m-1-x-light\/","title":{"rendered":"Buvio detektorius lub\u0173 montavimui, montuojamas ant vandens\/pavir\u0161iaus, aptikimo diapazonas 12 m, 1 x \u0161viesos"},"content":{"rendered":"<p>Passive infrared presence detector for flush-mounted ceiling installation or ceiling installation, round detection area 360\u00b0, diameter 12 m, (113 square Meters) at 3 m installation height (transverse), diameter 5 m, (20 square Meters) at 3 m mounting height (seated), 1 channel light (230 V relay), protection class IP 54 also suitable for use in damp rooms and outdoors (outdoor detection range 8 Meters diameter), Remote controllable, parallel connection with other LUXA 103 or theMura Slave possible, switching capacity optimized for LEDs up to 400 W, semi-automatic or fully automatic operation, integrated push-button input, with pulse function, teach-in function, test function, and staircase light function, area restriction possible with cover clips, housing color white<\/p>\n<p><a href=\"https:\/\/www.theben.de\/product\/1030052\/operating-instructions\" target=\"_blank\" rel=\"noopener\">Atsisi\u0173sti daugiau informacijos<\/a><\/p>\n<p><a href=\"https:\/\/www.theben.de\/product\/1030052\" target=\"_blank\" rel=\"noopener\">Daugiau informacijos<\/a><\/p>\n<p>Duomen\u0173 lapas:<br \/>\n<a href=\"https:\/\/www.theben.de\/product\/1030052\/datasheet\" target=\"_blank\" rel=\"noopener\">Per\u017ei\u016br\u0117ti<\/a><\/p>","protected":false},"excerpt":{"rendered":"<p>Passive infrared presence detector for flush-mounted ceiling installation or ceiling installation, round detection area 360\u00b0, diameter 12 m, (113 square<\/p>","protected":false},"featured_media":30505,"template":"","meta":[],"product_brand":[],"product_cat":[892],"product_tag":[],"class_list":{"0":"post-30505","1":"product","2":"type-product","3":"status-publish","4":"has-post-thumbnail","6":"product_cat-ceilingmounted-indoor-presence-and-motion-sensors","8":"first","9":"instock","10":"taxable","11":"shipping-taxable","12":"purchasable","13":"product-type-simple"},"_links":{"self":[{"href":"https:\/\/shop.vallin.lv\/lt\/wp-json\/wp\/v2\/product\/30505","targetHints":{"allow":["GET"]}}],"collection":[{"href":"https:\/\/shop.vallin.lv\/lt\/wp-json\/wp\/v2\/product"}],"about":[{"href":"https:\/\/shop.vallin.lv\/lt\/wp-json\/wp\/v2\/types\/product"}],"version-history":[{"count":4,"href":"https:\/\/shop.vallin.lv\/lt\/wp-json\/wp\/v2\/product\/30505\/revisions"}],"predecessor-version":[{"id":68025,"href":"https:\/\/shop.vallin.lv\/lt\/wp-json\/wp\/v2\/product\/30505\/revisions\/68025"}],"wp:featuredmedia":[{"embeddable":true,"href":"https:\/\/shop.vallin.lv\/lt\/wp-json\/wp\/v2\/product\/30505"}],"wp:attachment":[{"href":"https:\/\/shop.vallin.lv\/lt\/wp-json\/wp\/v2\/media?parent=30505"}],"wp:term":[{"taxonomy":"product_brand","embeddable":true,"href":"https:\/\/shop.vallin.lv\/lt\/wp-json\/wp\/v2\/product_brand?post=30505"},{"taxonomy":"product_cat","embeddable":true,"href":"https:\/\/shop.vallin.lv\/lt\/wp-json\/wp\/v2\/product_cat?post=30505"},{"taxonomy":"product_tag","embeddable":true,"href":"https:\/\/shop.vallin.lv\/lt\/wp-json\/wp\/v2\/product_tag?post=30505"}],"curies":[{"name":"wp","href":"https:\/\/api.w.org\/{rel}","templated":true}]}}