{"id":30448,"date":"2025-12-10T20:10:06","date_gmt":"2025-12-10T18:10:06","guid":{"rendered":"https:\/\/shop.vallin.lv\/product\/led-bollard-light-short-for-floor-mounting-8-5-watts-aluminum\/"},"modified":"2026-04-16T14:23:29","modified_gmt":"2026-04-16T12:23:29","slug":"led-bollard-light-short-for-floor-mounting-8-5-watts-aluminum","status":"publish","type":"product","link":"https:\/\/shop.vallin.lv\/lt\/produktas\/led-bollard-light-short-for-floor-mounting-8-5-watts-aluminum\/","title":{"rendered":"LED pro\u017eektorius (trumpas) grind\u0173 montavimui, 8,5 vatai, aliuminis"},"content":{"rendered":"<p>Design-oriented LED bollard light, short, with 8.5 W, front light emission (spot), high-quality housing made of anodized extruded aluminum profile, high IP 55 protection rating for outdoor installation, wireless connectivity, adjustment only possible via theSenda B with theSenda Plug, extremely efficient thanks to high light output, long-life LEDs: 50,000 hours service life<\/p>\n<p><a href=\"https:\/\/www.theben.de\/product\/1020705\/operating-instructions\" target=\"_blank\" rel=\"noopener\">Atsisi\u0173sti daugiau informacijos<\/a><\/p>\n<p><a href=\"https:\/\/www.theben.de\/product\/1020705\" target=\"_blank\" rel=\"noopener\">Daugiau informacijos<\/a><\/p>\n<p>Duomen\u0173 lapas:<br \/>\n<a href=\"https:\/\/www.theben.de\/product\/1020705\/datasheet\" target=\"_blank\" rel=\"noopener\">Per\u017ei\u016br\u0117ti<\/a><\/p>","protected":false},"excerpt":{"rendered":"<p>Design-oriented LED bollard light, short, with 8.5 W, front light emission (spot), high-quality housing made of anodized extruded aluminum profile,<\/p>","protected":false},"featured_media":30448,"template":"","meta":[],"product_brand":[],"product_cat":[878],"product_tag":[],"class_list":{"0":"post-30448","1":"product","2":"type-product","3":"status-publish","4":"has-post-thumbnail","6":"product_cat-leda-d","8":"first","9":"outofstock","10":"taxable","11":"shipping-taxable","12":"purchasable","13":"product-type-simple"},"_links":{"self":[{"href":"https:\/\/shop.vallin.lv\/lt\/wp-json\/wp\/v2\/product\/30448","targetHints":{"allow":["GET"]}}],"collection":[{"href":"https:\/\/shop.vallin.lv\/lt\/wp-json\/wp\/v2\/product"}],"about":[{"href":"https:\/\/shop.vallin.lv\/lt\/wp-json\/wp\/v2\/types\/product"}],"version-history":[{"count":4,"href":"https:\/\/shop.vallin.lv\/lt\/wp-json\/wp\/v2\/product\/30448\/revisions"}],"predecessor-version":[{"id":67998,"href":"https:\/\/shop.vallin.lv\/lt\/wp-json\/wp\/v2\/product\/30448\/revisions\/67998"}],"wp:featuredmedia":[{"embeddable":true,"href":"https:\/\/shop.vallin.lv\/lt\/wp-json\/wp\/v2\/product\/30448"}],"wp:attachment":[{"href":"https:\/\/shop.vallin.lv\/lt\/wp-json\/wp\/v2\/media?parent=30448"}],"wp:term":[{"taxonomy":"product_brand","embeddable":true,"href":"https:\/\/shop.vallin.lv\/lt\/wp-json\/wp\/v2\/product_brand?post=30448"},{"taxonomy":"product_cat","embeddable":true,"href":"https:\/\/shop.vallin.lv\/lt\/wp-json\/wp\/v2\/product_cat?post=30448"},{"taxonomy":"product_tag","embeddable":true,"href":"https:\/\/shop.vallin.lv\/lt\/wp-json\/wp\/v2\/product_tag?post=30448"}],"curies":[{"name":"wp","href":"https:\/\/api.w.org\/{rel}","templated":true}]}}