{"id":30288,"date":"2025-12-10T20:08:00","date_gmt":"2025-12-10T18:08:00","guid":{"rendered":"https:\/\/shop.vallin.lv\/product\/rail-mounted-staircase-light-timer-tlz-with-10-functions-and-switch-off-warning\/"},"modified":"2026-03-12T15:35:01","modified_gmt":"2026-03-12T13:35:01","slug":"rail-mounted-staircase-light-timer-tlz-with-10-functions-and-switch-off-warning","status":"publish","type":"product","link":"https:\/\/shop.vallin.lv\/lt\/produktas\/rail-mounted-staircase-light-timer-tlz-with-10-functions-and-switch-off-warning\/","title":{"rendered":"THEBEN ELPA 6 LAIKO R\u0116L\u0116"},"content":{"rendered":"<p>Series-mounted staircase light timer switch (TLZ) with 10 functions, width 1 TE, connectable downstream, with switch-off warning, long-time range 60 min., 3- and 4-wire connection, push-button input with electronic overload protection, additional push-button input galvanically isolated for intercom systems AC\/DC 8&#8230;240 V, LED display<\/p>\n<p><a href=\"https:\/\/www.theben.de\/product\/0010002\" target=\"_blank\">Daugiau informacijos<\/a><\/p>\n<p>Duomen\u0173 lapas:<br \/>\n<a href=\"https:\/\/www.theben.de\/product\/0010002\/datasheet\" target=\"_blank\">Per\u017ei\u016br\u0117ti<\/a><\/p>","protected":false},"excerpt":{"rendered":"<p>Series-mounted staircase light timer switch (TLZ) with 10 functions, width 1 TE, connectable downstream, with switch-off warning, long-time range 60<\/p>","protected":false},"featured_media":30288,"template":"","meta":[],"product_brand":[],"product_cat":[899],"product_tag":[],"class_list":{"0":"post-30288","1":"product","2":"type-product","3":"status-publish","4":"has-post-thumbnail","6":"product_cat-din-staircase-time-switches","8":"first","9":"outofstock","10":"taxable","11":"shipping-taxable","12":"purchasable","13":"product-type-simple"},"_links":{"self":[{"href":"https:\/\/shop.vallin.lv\/lt\/wp-json\/wp\/v2\/product\/30288","targetHints":{"allow":["GET"]}}],"collection":[{"href":"https:\/\/shop.vallin.lv\/lt\/wp-json\/wp\/v2\/product"}],"about":[{"href":"https:\/\/shop.vallin.lv\/lt\/wp-json\/wp\/v2\/types\/product"}],"version-history":[{"count":3,"href":"https:\/\/shop.vallin.lv\/lt\/wp-json\/wp\/v2\/product\/30288\/revisions"}],"predecessor-version":[{"id":67940,"href":"https:\/\/shop.vallin.lv\/lt\/wp-json\/wp\/v2\/product\/30288\/revisions\/67940"}],"wp:featuredmedia":[{"embeddable":true,"href":"https:\/\/shop.vallin.lv\/lt\/wp-json\/wp\/v2\/product\/30288"}],"wp:attachment":[{"href":"https:\/\/shop.vallin.lv\/lt\/wp-json\/wp\/v2\/media?parent=30288"}],"wp:term":[{"taxonomy":"product_brand","embeddable":true,"href":"https:\/\/shop.vallin.lv\/lt\/wp-json\/wp\/v2\/product_brand?post=30288"},{"taxonomy":"product_cat","embeddable":true,"href":"https:\/\/shop.vallin.lv\/lt\/wp-json\/wp\/v2\/product_cat?post=30288"},{"taxonomy":"product_tag","embeddable":true,"href":"https:\/\/shop.vallin.lv\/lt\/wp-json\/wp\/v2\/product_tag?post=30288"}],"curies":[{"name":"wp","href":"https:\/\/api.w.org\/{rel}","templated":true}]}}