{"id":29737,"date":"2025-12-10T19:33:47","date_gmt":"2025-12-10T17:33:47","guid":{"rendered":"https:\/\/shop.vallin.lv\/product\/three-phase-isolation-step-up-transformer-ip-00-10-kva-e-230-v-s-400-vn-dyn11\/"},"modified":"2026-03-12T15:29:14","modified_gmt":"2026-03-12T13:29:14","slug":"three-phase-isolation-step-up-transformer-ip-00-10-kva-e-230-v-s-400-vn-dyn11","status":"publish","type":"product","link":"https:\/\/shop.vallin.lv\/lt\/produktas\/three-phase-isolation-step-up-transformer-ip-00-10-kva-e-230-v-s-400-vn-dyn11\/","title":{"rendered":"Trij\u0173 fazi\u0173 izoliacijos pakopinis transformatorius IP-00 10 kVA E\/230 V S\/400 V + N Dyn11"},"content":{"rendered":"<p>Duomen\u0173 lapas:<br \/>\n<a href=\"https:\/\/polylux.com\/en\/transformers\/isolation\/tt-series\/\" target=\"_blank\" rel=\"noopener\">Per\u017ei\u016br\u0117ti<\/a><\/p>\n<p>Sertifikatas:<br \/>\n<a href=\"https:\/\/polylux.com\/wp-content\/uploads\/Transformador_trifasico_IP00_24.webp\" target=\"_blank\" rel=\"noopener\">Transformador_trifasico_IP00_24.webp<\/a><\/p>","protected":false},"excerpt":{"rendered":"<p>Data Sheet: View Certificate: Transformador_trifasico_IP00_24.webp<\/p>","protected":false},"featured_media":29737,"template":"","meta":[],"product_brand":[],"product_cat":[812],"product_tag":[],"class_list":{"0":"post-29737","1":"product","2":"type-product","3":"status-publish","4":"has-post-thumbnail","6":"product_cat-isolation-transformers","8":"first","9":"outofstock","10":"taxable","11":"shipping-taxable","12":"purchasable","13":"product-type-simple"},"_links":{"self":[{"href":"https:\/\/shop.vallin.lv\/lt\/wp-json\/wp\/v2\/product\/29737","targetHints":{"allow":["GET"]}}],"collection":[{"href":"https:\/\/shop.vallin.lv\/lt\/wp-json\/wp\/v2\/product"}],"about":[{"href":"https:\/\/shop.vallin.lv\/lt\/wp-json\/wp\/v2\/types\/product"}],"version-history":[{"count":5,"href":"https:\/\/shop.vallin.lv\/lt\/wp-json\/wp\/v2\/product\/29737\/revisions"}],"predecessor-version":[{"id":70993,"href":"https:\/\/shop.vallin.lv\/lt\/wp-json\/wp\/v2\/product\/29737\/revisions\/70993"}],"wp:featuredmedia":[{"embeddable":true,"href":"https:\/\/shop.vallin.lv\/lt\/wp-json\/wp\/v2\/product\/29737"}],"wp:attachment":[{"href":"https:\/\/shop.vallin.lv\/lt\/wp-json\/wp\/v2\/media?parent=29737"}],"wp:term":[{"taxonomy":"product_brand","embeddable":true,"href":"https:\/\/shop.vallin.lv\/lt\/wp-json\/wp\/v2\/product_brand?post=29737"},{"taxonomy":"product_cat","embeddable":true,"href":"https:\/\/shop.vallin.lv\/lt\/wp-json\/wp\/v2\/product_cat?post=29737"},{"taxonomy":"product_tag","embeddable":true,"href":"https:\/\/shop.vallin.lv\/lt\/wp-json\/wp\/v2\/product_tag?post=29737"}],"curies":[{"name":"wp","href":"https:\/\/api.w.org\/{rel}","templated":true}]}}