{"id":29704,"date":"2025-12-10T19:33:28","date_gmt":"2025-12-10T17:33:28","guid":{"rendered":"https:\/\/shop.vallin.lv\/product\/three-phase-to-single-phase-isolation-transformer-ip54-80-kva-e-400-v-s-230-v-v-vinv\/"},"modified":"2026-03-12T15:29:04","modified_gmt":"2026-03-12T13:29:04","slug":"three-phase-to-single-phase-isolation-transformer-ip54-80-kva-e-400-v-s-230-v-v-vinv","status":"publish","type":"product","link":"https:\/\/shop.vallin.lv\/lt\/produktas\/three-phase-to-single-phase-isolation-transformer-ip54-80-kva-e-400-v-s-230-v-v-vinv\/","title":{"rendered":"Trifazis vienfazis izoliacijos transformatorius IP54 80 kVA E\/400 V S\/230 V V\/Vinv"},"content":{"rendered":"<p>Duomen\u0173 lapas:<br \/>\n<a href=\"https:\/\/polylux.com\/en\/transformers\/isolation\/tt-series\/\" target=\"_blank\" rel=\"noopener\">Per\u017ei\u016br\u0117ti<\/a><\/p>\n<p>Sertifikatas:<br \/>\n<a href=\"https:\/\/www.polylux.com\/images\/files\/company\/Declaracion_series_TTKWTTKX_TTKZ.pdf\" target=\"_blank\" rel=\"noopener\">Declaracion_series_TTKWTTKX_TTKZ.pdf<\/a><\/p>","protected":false},"excerpt":{"rendered":"<p>Data Sheet: View Certificate: Declaracion_series_TTKWTTKX_TTKZ.pdf<\/p>","protected":false},"featured_media":29704,"template":"","meta":[],"product_brand":[],"product_cat":[812],"product_tag":[],"class_list":{"0":"post-29704","1":"product","2":"type-product","3":"status-publish","4":"has-post-thumbnail","6":"product_cat-isolation-transformers","8":"first","9":"outofstock","10":"taxable","11":"shipping-taxable","12":"purchasable","13":"product-type-simple"},"_links":{"self":[{"href":"https:\/\/shop.vallin.lv\/lt\/wp-json\/wp\/v2\/product\/29704","targetHints":{"allow":["GET"]}}],"collection":[{"href":"https:\/\/shop.vallin.lv\/lt\/wp-json\/wp\/v2\/product"}],"about":[{"href":"https:\/\/shop.vallin.lv\/lt\/wp-json\/wp\/v2\/types\/product"}],"version-history":[{"count":5,"href":"https:\/\/shop.vallin.lv\/lt\/wp-json\/wp\/v2\/product\/29704\/revisions"}],"predecessor-version":[{"id":70971,"href":"https:\/\/shop.vallin.lv\/lt\/wp-json\/wp\/v2\/product\/29704\/revisions\/70971"}],"wp:featuredmedia":[{"embeddable":true,"href":"https:\/\/shop.vallin.lv\/lt\/wp-json\/wp\/v2\/product\/29704"}],"wp:attachment":[{"href":"https:\/\/shop.vallin.lv\/lt\/wp-json\/wp\/v2\/media?parent=29704"}],"wp:term":[{"taxonomy":"product_brand","embeddable":true,"href":"https:\/\/shop.vallin.lv\/lt\/wp-json\/wp\/v2\/product_brand?post=29704"},{"taxonomy":"product_cat","embeddable":true,"href":"https:\/\/shop.vallin.lv\/lt\/wp-json\/wp\/v2\/product_cat?post=29704"},{"taxonomy":"product_tag","embeddable":true,"href":"https:\/\/shop.vallin.lv\/lt\/wp-json\/wp\/v2\/product_tag?post=29704"}],"curies":[{"name":"wp","href":"https:\/\/api.w.org\/{rel}","templated":true}]}}