{"id":29625,"date":"2025-12-10T19:32:43","date_gmt":"2025-12-10T17:32:43","guid":{"rendered":"https:\/\/shop.vallin.lv\/product\/encapsulated-three-phase-transformer-for-clinical-use-ip-20-4000-va-e-400-vn-s-230-vn-ynyn0\/"},"modified":"2026-03-12T15:25:52","modified_gmt":"2026-03-12T13:25:52","slug":"encapsulated-three-phase-transformer-for-clinical-use-ip-20-4000-va-e-400-vn-s-230-vn-ynyn0","status":"publish","type":"product","link":"https:\/\/shop.vallin.lv\/lt\/produktas\/encapsulated-three-phase-transformer-for-clinical-use-ip-20-4000-va-e-400-vn-s-230-vn-ynyn0\/","title":{"rendered":"Inkapsuliuoti trifaziai transformatoriai klinikiniam naudojimui IP-20 4000 VA E\/400 V+N S\/230 V+N YNyn0"},"content":{"rendered":"<p>Duomen\u0173 lapas:<br \/>\n<a href=\"https:\/\/polylux.com\/en\/transformers\/isolation\/tt-series\/\" target=\"_blank\">Per\u017ei\u016br\u0117ti<\/a><\/p>\n<p>Sertifikatas:<br \/>\n<a href=\"https:\/\/www.polylux.com\/images\/files\/company\/Declaracion_series_TH_THX_THW_TTH_TTHX_TTHW.pdf\" target=\"_blank\">Declaracion_series_TH_THX_THW_TTH_TTHX_TTHW.pdf<\/a><\/p>","protected":false},"excerpt":{"rendered":"<p>Data Sheet: View Certificate: Declaracion_series_TH_THX_THW_TTH_TTHX_TTHW.pdf<\/p>","protected":false},"featured_media":29625,"template":"","meta":[],"product_brand":[],"product_cat":[812],"product_tag":[],"class_list":{"0":"post-29625","1":"product","2":"type-product","3":"status-publish","4":"has-post-thumbnail","6":"product_cat-isolation-transformers","8":"first","9":"outofstock","10":"taxable","11":"shipping-taxable","12":"purchasable","13":"product-type-simple"},"_links":{"self":[{"href":"https:\/\/shop.vallin.lv\/lt\/wp-json\/wp\/v2\/product\/29625","targetHints":{"allow":["GET"]}}],"collection":[{"href":"https:\/\/shop.vallin.lv\/lt\/wp-json\/wp\/v2\/product"}],"about":[{"href":"https:\/\/shop.vallin.lv\/lt\/wp-json\/wp\/v2\/types\/product"}],"version-history":[{"count":5,"href":"https:\/\/shop.vallin.lv\/lt\/wp-json\/wp\/v2\/product\/29625\/revisions"}],"predecessor-version":[{"id":70463,"href":"https:\/\/shop.vallin.lv\/lt\/wp-json\/wp\/v2\/product\/29625\/revisions\/70463"}],"wp:featuredmedia":[{"embeddable":true,"href":"https:\/\/shop.vallin.lv\/lt\/wp-json\/wp\/v2\/product\/29625"}],"wp:attachment":[{"href":"https:\/\/shop.vallin.lv\/lt\/wp-json\/wp\/v2\/media?parent=29625"}],"wp:term":[{"taxonomy":"product_brand","embeddable":true,"href":"https:\/\/shop.vallin.lv\/lt\/wp-json\/wp\/v2\/product_brand?post=29625"},{"taxonomy":"product_cat","embeddable":true,"href":"https:\/\/shop.vallin.lv\/lt\/wp-json\/wp\/v2\/product_cat?post=29625"},{"taxonomy":"product_tag","embeddable":true,"href":"https:\/\/shop.vallin.lv\/lt\/wp-json\/wp\/v2\/product_tag?post=29625"}],"curies":[{"name":"wp","href":"https:\/\/api.w.org\/{rel}","templated":true}]}}