{"id":29321,"date":"2025-12-10T19:29:45","date_gmt":"2025-12-10T17:29:45","guid":{"rendered":"https:\/\/shop.vallin.lv\/product\/three-phase-step-down-isolation-transformer-ip-23-200-kva-e-400-v-s-230-vn-yyn0\/"},"modified":"2026-03-12T15:27:07","modified_gmt":"2026-03-12T13:27:07","slug":"three-phase-step-down-isolation-transformer-ip-23-200-kva-e-400-v-s-230-vn-yyn0","status":"publish","type":"product","link":"https:\/\/shop.vallin.lv\/lt\/produktas\/three-phase-step-down-isolation-transformer-ip-23-200-kva-e-400-v-s-230-vn-yyn0\/","title":{"rendered":"Trifazis izoliacijos transformatorius IP-23 200 kVA E\/400 V S\/230 V+N Yyn0"},"content":{"rendered":"<p>Duomen\u0173 lapas:<br \/>\n<a href=\"https:\/\/polylux.com\/en\/transformers\/isolation\/ttd-series\/\" target=\"_blank\" rel=\"noopener\">Per\u017ei\u016br\u0117ti<\/a><\/p>\n<p>Sertifikatas:<br \/>\n<a href=\"https:\/\/www.polylux.com\/images\/files\/company\/Declaracion_series_TTWTTX_TTZ_TTE_TTFKX_TTFKW.pdf\" target=\"_blank\" rel=\"noopener\">Declaracion_series_TTWTTX_TTZ_TTE_TTFKX_TTFKW.pdf<\/a><\/p>","protected":false},"excerpt":{"rendered":"<p>Data Sheet: View Certificate: Declaracion_series_TTWTTX_TTZ_TTE_TTFKX_TTFKW.pdf<\/p>","protected":false},"featured_media":29321,"template":"","meta":[],"product_brand":[],"product_cat":[812],"product_tag":[],"class_list":{"0":"post-29321","1":"product","2":"type-product","3":"status-publish","4":"has-post-thumbnail","6":"product_cat-isolation-transformers","8":"first","9":"outofstock","10":"taxable","11":"shipping-taxable","12":"purchasable","13":"product-type-simple"},"_links":{"self":[{"href":"https:\/\/shop.vallin.lv\/lt\/wp-json\/wp\/v2\/product\/29321","targetHints":{"allow":["GET"]}}],"collection":[{"href":"https:\/\/shop.vallin.lv\/lt\/wp-json\/wp\/v2\/product"}],"about":[{"href":"https:\/\/shop.vallin.lv\/lt\/wp-json\/wp\/v2\/types\/product"}],"version-history":[{"count":5,"href":"https:\/\/shop.vallin.lv\/lt\/wp-json\/wp\/v2\/product\/29321\/revisions"}],"predecessor-version":[{"id":70670,"href":"https:\/\/shop.vallin.lv\/lt\/wp-json\/wp\/v2\/product\/29321\/revisions\/70670"}],"wp:featuredmedia":[{"embeddable":true,"href":"https:\/\/shop.vallin.lv\/lt\/wp-json\/wp\/v2\/product\/29321"}],"wp:attachment":[{"href":"https:\/\/shop.vallin.lv\/lt\/wp-json\/wp\/v2\/media?parent=29321"}],"wp:term":[{"taxonomy":"product_brand","embeddable":true,"href":"https:\/\/shop.vallin.lv\/lt\/wp-json\/wp\/v2\/product_brand?post=29321"},{"taxonomy":"product_cat","embeddable":true,"href":"https:\/\/shop.vallin.lv\/lt\/wp-json\/wp\/v2\/product_cat?post=29321"},{"taxonomy":"product_tag","embeddable":true,"href":"https:\/\/shop.vallin.lv\/lt\/wp-json\/wp\/v2\/product_tag?post=29321"}],"curies":[{"name":"wp","href":"https:\/\/api.w.org\/{rel}","templated":true}]}}