{"id":29130,"date":"2025-12-10T19:28:00","date_gmt":"2025-12-10T17:28:00","guid":{"rendered":"https:\/\/shop.vallin.lv\/product\/encapsulated-single-phase-transformer-for-clinical-use-ip-23-4000-va-e-230-v-s-230-v-115-0-115-v\/"},"modified":"2026-03-12T15:26:10","modified_gmt":"2026-03-12T13:26:10","slug":"encapsulated-single-phase-transformer-for-clinical-use-ip-23-4000-va-e-230-v-s-230-v-115-0-115-v","status":"publish","type":"product","link":"https:\/\/shop.vallin.lv\/lt\/produktas\/encapsulated-single-phase-transformer-for-clinical-use-ip-23-4000-va-e-230-v-s-230-v-115-0-115-v\/","title":{"rendered":"Inkapsuliuoti vienfaziai transformatoriai klinikiniam naudojimui IP-23 4000 VA E\/230 V S\/230 V (115-0-115 V)"},"content":{"rendered":"<p>Duomen\u0173 lapas:<br \/>\n<a href=\"https:\/\/polylux.com\/en\/transformers\/medical-transformers\/th-series\/\" target=\"_blank\">Per\u017ei\u016br\u0117ti<\/a><\/p>\n<p>Sertifikatas:<br \/>\n<a href=\"https:\/\/www.polylux.com\/images\/files\/company\/Declaracion_series_TH_THX_THW_TTH_TTHX_TTHW.pdf\" target=\"_blank\">Declaracion_series_TH_THX_THW_TTH_TTHX_TTHW.pdf<\/a><\/p>","protected":false},"excerpt":{"rendered":"<p>Data Sheet: View Certificate: Declaracion_series_TH_THX_THW_TTH_TTHX_TTHW.pdf<\/p>","protected":false},"featured_media":29130,"template":"","meta":[],"product_brand":[],"product_cat":[812],"product_tag":[],"class_list":{"0":"post-29130","1":"product","2":"type-product","3":"status-publish","4":"has-post-thumbnail","6":"product_cat-isolation-transformers","8":"first","9":"outofstock","10":"taxable","11":"shipping-taxable","12":"purchasable","13":"product-type-simple"},"_links":{"self":[{"href":"https:\/\/shop.vallin.lv\/lt\/wp-json\/wp\/v2\/product\/29130","targetHints":{"allow":["GET"]}}],"collection":[{"href":"https:\/\/shop.vallin.lv\/lt\/wp-json\/wp\/v2\/product"}],"about":[{"href":"https:\/\/shop.vallin.lv\/lt\/wp-json\/wp\/v2\/types\/product"}],"version-history":[{"count":5,"href":"https:\/\/shop.vallin.lv\/lt\/wp-json\/wp\/v2\/product\/29130\/revisions"}],"predecessor-version":[{"id":70513,"href":"https:\/\/shop.vallin.lv\/lt\/wp-json\/wp\/v2\/product\/29130\/revisions\/70513"}],"wp:featuredmedia":[{"embeddable":true,"href":"https:\/\/shop.vallin.lv\/lt\/wp-json\/wp\/v2\/product\/29130"}],"wp:attachment":[{"href":"https:\/\/shop.vallin.lv\/lt\/wp-json\/wp\/v2\/media?parent=29130"}],"wp:term":[{"taxonomy":"product_brand","embeddable":true,"href":"https:\/\/shop.vallin.lv\/lt\/wp-json\/wp\/v2\/product_brand?post=29130"},{"taxonomy":"product_cat","embeddable":true,"href":"https:\/\/shop.vallin.lv\/lt\/wp-json\/wp\/v2\/product_cat?post=29130"},{"taxonomy":"product_tag","embeddable":true,"href":"https:\/\/shop.vallin.lv\/lt\/wp-json\/wp\/v2\/product_tag?post=29130"}],"curies":[{"name":"wp","href":"https:\/\/api.w.org\/{rel}","templated":true}]}}