{"id":29043,"date":"2025-12-10T19:27:11","date_gmt":"2025-12-10T17:27:11","guid":{"rendered":"https:\/\/shop.vallin.lv\/product\/three-phase-rejection-inductance-for-capacitor-banks-ip-00-network400-v-q20-kvar-fo189-hz-p-7\/"},"modified":"2026-03-12T15:20:40","modified_gmt":"2026-03-12T13:20:40","slug":"three-phase-rejection-inductance-for-capacitor-banks-ip-00-network400-v-q20-kvar-fo189-hz-p-7","status":"publish","type":"product","link":"https:\/\/shop.vallin.lv\/lt\/produktas\/three-phase-rejection-inductance-for-capacitor-banks-ip-00-network400-v-q20-kvar-fo189-hz-p-7\/","title":{"rendered":"Trij\u0173 fazi\u0173 atmetimo induktyvumas kondensatori\u0173 bankams IP-00 Tinklas: 400 V Q = 20 kvar Fo = 189 Hz (p 7%)"},"content":{"rendered":"<p><a href=\"https:\/\/polylux.com\/en\/?s=RTFX10&amp;post_type%5B%5D=post&amp;post_type%5B%5D=page&amp;search_limit_to_post_titles=0&amp;add_woo_product_skus=0&amp;fs=1&amp;lang=en\" target=\"_blank\">Daugiau informacijos<\/a><\/p>\n<p>Duomen\u0173 lapas:<br \/>\n<a href=\"https:\/\/polylux.com\/en\/?s=RTFX10&amp;post_type%5B%5D=post&amp;post_type%5B%5D=page&amp;search_limit_to_post_titles=0&amp;add_woo_product_skus=0&amp;fs=1&amp;lang=en\" target=\"_blank\">Per\u017ei\u016br\u0117ti<\/a><\/p>\n<p>Sertifikatas:<br \/>\n<a href=\"https:\/\/www.polylux.com\/images\/files\/company\/Declaracion_series_PR_R_RTL_RTLX_RTFX_RTOX__EN_60076-6.pdf\" target=\"_blank\">Declaracion_series_PR_R_RTL_RTLX_RTFX_RTOX__EN_60076-6.pdf<\/a><\/p>","protected":false},"excerpt":{"rendered":"<p>More information Data Sheet: View Certificate: Declaracion_series_PR_R_RTL_RTLX_RTFX_RTOX__EN_60076-6.pdf<\/p>","protected":false},"featured_media":29043,"template":"","meta":[],"product_brand":[],"product_cat":[928],"product_tag":[],"class_list":{"0":"post-29043","1":"product","2":"type-product","3":"status-publish","4":"has-post-thumbnail","6":"product_cat-reactors-filters-compensators-others","8":"first","9":"outofstock","10":"taxable","11":"shipping-taxable","12":"purchasable","13":"product-type-simple"},"_links":{"self":[{"href":"https:\/\/shop.vallin.lv\/lt\/wp-json\/wp\/v2\/product\/29043","targetHints":{"allow":["GET"]}}],"collection":[{"href":"https:\/\/shop.vallin.lv\/lt\/wp-json\/wp\/v2\/product"}],"about":[{"href":"https:\/\/shop.vallin.lv\/lt\/wp-json\/wp\/v2\/types\/product"}],"version-history":[{"count":4,"href":"https:\/\/shop.vallin.lv\/lt\/wp-json\/wp\/v2\/product\/29043\/revisions"}],"predecessor-version":[{"id":57463,"href":"https:\/\/shop.vallin.lv\/lt\/wp-json\/wp\/v2\/product\/29043\/revisions\/57463"}],"wp:featuredmedia":[{"embeddable":true,"href":"https:\/\/shop.vallin.lv\/lt\/wp-json\/wp\/v2\/product\/29043"}],"wp:attachment":[{"href":"https:\/\/shop.vallin.lv\/lt\/wp-json\/wp\/v2\/media?parent=29043"}],"wp:term":[{"taxonomy":"product_brand","embeddable":true,"href":"https:\/\/shop.vallin.lv\/lt\/wp-json\/wp\/v2\/product_brand?post=29043"},{"taxonomy":"product_cat","embeddable":true,"href":"https:\/\/shop.vallin.lv\/lt\/wp-json\/wp\/v2\/product_cat?post=29043"},{"taxonomy":"product_tag","embeddable":true,"href":"https:\/\/shop.vallin.lv\/lt\/wp-json\/wp\/v2\/product_tag?post=29043"}],"curies":[{"name":"wp","href":"https:\/\/api.w.org\/{rel}","templated":true}]}}