{"id":29005,"date":"2025-12-10T19:26:48","date_gmt":"2025-12-10T17:26:48","guid":{"rendered":"https:\/\/shop.vallin.lv\/product\/encapsulated-single-phase-ultra-isolation-transformer-ip-20-1000-va-e-230-v-s-230-v-3-screens-80db-10khz-attenuation\/"},"modified":"2026-03-12T15:23:58","modified_gmt":"2026-03-12T13:23:58","slug":"encapsulated-single-phase-ultra-isolation-transformer-ip-20-1000-va-e-230-v-s-230-v-3-screens-80db-10khz-attenuation","status":"publish","type":"product","link":"https:\/\/shop.vallin.lv\/lt\/produktas\/encapsulated-single-phase-ultra-isolation-transformer-ip-20-1000-va-e-230-v-s-230-v-3-screens-80db-10khz-attenuation\/","title":{"rendered":"Inkapsuliuoti vienfaziai ultraizoliaciniai transformatoriai IP-20 1000 VA E\/230 V S\/230 V 3 ekranai (80dB-10kHz slopinimas)"},"content":{"rendered":"<p><a href=\"https:\/\/polylux.com\/en\/transformers\/control\/p-q-n-ip-pxr-series\/\" target=\"_blank\">Daugiau informacijos<\/a><\/p>\n<p>Duomen\u0173 lapas:<br \/>\n<a href=\"https:\/\/polylux.com\/en\/transformers\/control\/p-q-n-ip-pxr-series\/\" target=\"_blank\">Per\u017ei\u016br\u0117ti<\/a><\/p>\n<p>Sertifikatas:<br \/>\n<a href=\"https:\/\/www.polylux.com\/images\/files\/company\/Instrucciones_Series_P_y_Q.avif\" target=\"_blank\">Instrucciones_Series_P_y_Q.avif<\/a><\/p>","protected":false},"excerpt":{"rendered":"<p>More information Data Sheet: View Certificate: Instrucciones_Series_P_y_Q.avif<\/p>","protected":false},"featured_media":29005,"template":"","meta":[],"product_brand":[],"product_cat":[813],"product_tag":[],"class_list":{"0":"post-29005","1":"product","2":"type-product","3":"status-publish","4":"has-post-thumbnail","6":"product_cat-control-and-safety-transformers","8":"first","9":"outofstock","10":"taxable","11":"shipping-taxable","12":"purchasable","13":"product-type-simple"},"_links":{"self":[{"href":"https:\/\/shop.vallin.lv\/lt\/wp-json\/wp\/v2\/product\/29005","targetHints":{"allow":["GET"]}}],"collection":[{"href":"https:\/\/shop.vallin.lv\/lt\/wp-json\/wp\/v2\/product"}],"about":[{"href":"https:\/\/shop.vallin.lv\/lt\/wp-json\/wp\/v2\/types\/product"}],"version-history":[{"count":4,"href":"https:\/\/shop.vallin.lv\/lt\/wp-json\/wp\/v2\/product\/29005\/revisions"}],"predecessor-version":[{"id":57425,"href":"https:\/\/shop.vallin.lv\/lt\/wp-json\/wp\/v2\/product\/29005\/revisions\/57425"}],"wp:featuredmedia":[{"embeddable":true,"href":"https:\/\/shop.vallin.lv\/lt\/wp-json\/wp\/v2\/product\/29005"}],"wp:attachment":[{"href":"https:\/\/shop.vallin.lv\/lt\/wp-json\/wp\/v2\/media?parent=29005"}],"wp:term":[{"taxonomy":"product_brand","embeddable":true,"href":"https:\/\/shop.vallin.lv\/lt\/wp-json\/wp\/v2\/product_brand?post=29005"},{"taxonomy":"product_cat","embeddable":true,"href":"https:\/\/shop.vallin.lv\/lt\/wp-json\/wp\/v2\/product_cat?post=29005"},{"taxonomy":"product_tag","embeddable":true,"href":"https:\/\/shop.vallin.lv\/lt\/wp-json\/wp\/v2\/product_tag?post=29005"}],"curies":[{"name":"wp","href":"https:\/\/api.w.org\/{rel}","templated":true}]}}