{"id":28994,"date":"2025-12-10T19:26:41","date_gmt":"2025-12-10T17:26:41","guid":{"rendered":"https:\/\/shop.vallin.lv\/product\/encapsulated-single-phase-ultra-isolation-transformer-ip-20-2000-va-e-230-v-s-230-v-1-screen-attenuation-65db-10khz\/"},"modified":"2026-03-12T15:23:58","modified_gmt":"2026-03-12T13:23:58","slug":"encapsulated-single-phase-ultra-isolation-transformer-ip-20-2000-va-e-230-v-s-230-v-1-screen-attenuation-65db-10khz","status":"publish","type":"product","link":"https:\/\/shop.vallin.lv\/lt\/produktas\/encapsulated-single-phase-ultra-isolation-transformer-ip-20-2000-va-e-230-v-s-230-v-1-screen-attenuation-65db-10khz\/","title":{"rendered":"Inkapsuliuoti vienfaziai ultraizoliaciniai transformatoriai IP-20 2000 VA E\/230 V S\/230 V 1 ekranas (sutrumpinimas 65dB-10kHz)"},"content":{"rendered":"<p><a href=\"https:\/\/polylux.com\/en\/transformers\/control\/p-q-n-ip-pxr-series\/\" target=\"_blank\">Daugiau informacijos<\/a><\/p>\n<p>Duomen\u0173 lapas:<br \/>\n<a href=\"https:\/\/polylux.com\/en\/transformers\/control\/p-q-n-ip-pxr-series\/\" target=\"_blank\">Per\u017ei\u016br\u0117ti<\/a><\/p>\n<p>Sertifikatas:<br \/>\n<a href=\"https:\/\/www.polylux.com\/images\/files\/company\/Instrucciones_Series_P_y_Q.avif\" target=\"_blank\">Instrucciones_Series_P_y_Q.avif<\/a><\/p>","protected":false},"excerpt":{"rendered":"<p>More information Data Sheet: View Certificate: Instrucciones_Series_P_y_Q.avif<\/p>","protected":false},"featured_media":28994,"template":"","meta":[],"product_brand":[],"product_cat":[813],"product_tag":[],"class_list":{"0":"post-28994","1":"product","2":"type-product","3":"status-publish","4":"has-post-thumbnail","6":"product_cat-control-and-safety-transformers","8":"first","9":"outofstock","10":"taxable","11":"shipping-taxable","12":"purchasable","13":"product-type-simple"},"_links":{"self":[{"href":"https:\/\/shop.vallin.lv\/lt\/wp-json\/wp\/v2\/product\/28994","targetHints":{"allow":["GET"]}}],"collection":[{"href":"https:\/\/shop.vallin.lv\/lt\/wp-json\/wp\/v2\/product"}],"about":[{"href":"https:\/\/shop.vallin.lv\/lt\/wp-json\/wp\/v2\/types\/product"}],"version-history":[{"count":4,"href":"https:\/\/shop.vallin.lv\/lt\/wp-json\/wp\/v2\/product\/28994\/revisions"}],"predecessor-version":[{"id":57414,"href":"https:\/\/shop.vallin.lv\/lt\/wp-json\/wp\/v2\/product\/28994\/revisions\/57414"}],"wp:featuredmedia":[{"embeddable":true,"href":"https:\/\/shop.vallin.lv\/lt\/wp-json\/wp\/v2\/product\/28994"}],"wp:attachment":[{"href":"https:\/\/shop.vallin.lv\/lt\/wp-json\/wp\/v2\/media?parent=28994"}],"wp:term":[{"taxonomy":"product_brand","embeddable":true,"href":"https:\/\/shop.vallin.lv\/lt\/wp-json\/wp\/v2\/product_brand?post=28994"},{"taxonomy":"product_cat","embeddable":true,"href":"https:\/\/shop.vallin.lv\/lt\/wp-json\/wp\/v2\/product_cat?post=28994"},{"taxonomy":"product_tag","embeddable":true,"href":"https:\/\/shop.vallin.lv\/lt\/wp-json\/wp\/v2\/product_tag?post=28994"}],"curies":[{"name":"wp","href":"https:\/\/api.w.org\/{rel}","templated":true}]}}