{"id":28930,"date":"2025-12-10T19:26:04","date_gmt":"2025-12-10T17:26:04","guid":{"rendered":"https:\/\/shop.vallin.lv\/product\/encapsulated-single-phase-control-switching-and-isolation-transformer-ip-20-40-va-e-230-400-v-s-12-24-v-2\/"},"modified":"2026-03-12T15:24:17","modified_gmt":"2026-03-12T13:24:17","slug":"encapsulated-single-phase-control-switching-and-isolation-transformer-ip-20-40-va-e-230-400-v-s-12-24-v-2","status":"publish","type":"product","link":"https:\/\/shop.vallin.lv\/lt\/produktas\/encapsulated-single-phase-control-switching-and-isolation-transformer-ip-20-40-va-e-230-400-v-s-12-24-v-2\/","title":{"rendered":"Inkapsuliuoti vienfaziai valdymo, perjungimo ir izoliacijos transformatoriai IP-20 40 VA E\/230-400 V S\/12-24 V"},"content":{"rendered":"<p><a href=\"https:\/\/polylux.com\/en\/transformers\/control\/p-q-n-ip-pxr-series\/\" target=\"_blank\">Daugiau informacijos<\/a><\/p>\n<p>Duomen\u0173 lapas:<br \/>\n<a href=\"https:\/\/polylux.com\/en\/transformers\/control\/p-q-n-ip-pxr-series\/\" target=\"_blank\">Per\u017ei\u016br\u0117ti<\/a><\/p>\n<p>Sertifikatas:<br \/>\n<a href=\"https:\/\/www.polylux.com\/images\/files\/company\/Instrucciones_Series_P_y_Q.avif\" target=\"_blank\">Instrucciones_Series_P_y_Q.avif<\/a><\/p>","protected":false},"excerpt":{"rendered":"<p>More information Data Sheet: View Certificate: Instrucciones_Series_P_y_Q.avif<\/p>","protected":false},"featured_media":28930,"template":"","meta":[],"product_brand":[],"product_cat":[813],"product_tag":[],"class_list":{"0":"post-28930","1":"product","2":"type-product","3":"status-publish","4":"has-post-thumbnail","6":"product_cat-control-and-safety-transformers","8":"first","9":"outofstock","10":"taxable","11":"shipping-taxable","12":"purchasable","13":"product-type-simple"},"_links":{"self":[{"href":"https:\/\/shop.vallin.lv\/lt\/wp-json\/wp\/v2\/product\/28930","targetHints":{"allow":["GET"]}}],"collection":[{"href":"https:\/\/shop.vallin.lv\/lt\/wp-json\/wp\/v2\/product"}],"about":[{"href":"https:\/\/shop.vallin.lv\/lt\/wp-json\/wp\/v2\/types\/product"}],"version-history":[{"count":4,"href":"https:\/\/shop.vallin.lv\/lt\/wp-json\/wp\/v2\/product\/28930\/revisions"}],"predecessor-version":[{"id":57350,"href":"https:\/\/shop.vallin.lv\/lt\/wp-json\/wp\/v2\/product\/28930\/revisions\/57350"}],"wp:featuredmedia":[{"embeddable":true,"href":"https:\/\/shop.vallin.lv\/lt\/wp-json\/wp\/v2\/product\/28930"}],"wp:attachment":[{"href":"https:\/\/shop.vallin.lv\/lt\/wp-json\/wp\/v2\/media?parent=28930"}],"wp:term":[{"taxonomy":"product_brand","embeddable":true,"href":"https:\/\/shop.vallin.lv\/lt\/wp-json\/wp\/v2\/product_brand?post=28930"},{"taxonomy":"product_cat","embeddable":true,"href":"https:\/\/shop.vallin.lv\/lt\/wp-json\/wp\/v2\/product_cat?post=28930"},{"taxonomy":"product_tag","embeddable":true,"href":"https:\/\/shop.vallin.lv\/lt\/wp-json\/wp\/v2\/product_tag?post=28930"}],"curies":[{"name":"wp","href":"https:\/\/api.w.org\/{rel}","templated":true}]}}