{"id":28757,"date":"2025-12-10T19:24:31","date_gmt":"2025-12-10T17:24:31","guid":{"rendered":"https:\/\/shop.vallin.lv\/product\/reversible-single-phase-autotransformer-ip-20-200-va-e-400-v-s-230-v\/"},"modified":"2026-03-12T15:22:32","modified_gmt":"2026-03-12T13:22:32","slug":"reversible-single-phase-autotransformer-ip-20-200-va-e-400-v-s-230-v","status":"publish","type":"product","link":"https:\/\/shop.vallin.lv\/lt\/produktas\/reversible-single-phase-autotransformer-ip-20-200-va-e-400-v-s-230-v\/","title":{"rendered":"Gr\u012f\u017etamasis vienfazis autotransformatorius IP-20 200 VA E\/400 V S\/230 V"},"content":{"rendered":"<p><a href=\"https:\/\/polylux.com\/en\/autotransformers\/reversible\/pau-qau-aur-series\/\" target=\"_blank\">Daugiau informacijos<\/a><\/p>\n<p>Duomen\u0173 lapas:<br \/>\n<a href=\"https:\/\/polylux.com\/en\/autotransformers\/reversible\/pau-qau-aur-series\/\" target=\"_blank\">Per\u017ei\u016br\u0117ti<\/a><\/p>\n<p>Sertifikatas:<br \/>\n<a href=\"https:\/\/www.polylux.com\/images\/files\/company\/Instrucciones_Series_P_y_Q.avif\" target=\"_blank\">Instrucciones_Series_P_y_Q.avif<\/a><\/p>","protected":false},"excerpt":{"rendered":"<p>More information Data Sheet: View Certificate: Instrucciones_Series_P_y_Q.avif<\/p>","protected":false},"featured_media":28757,"template":"","meta":[],"product_brand":[],"product_cat":[812],"product_tag":[],"class_list":{"0":"post-28757","1":"product","2":"type-product","3":"status-publish","4":"has-post-thumbnail","6":"product_cat-isolation-transformers","8":"first","9":"outofstock","10":"taxable","11":"shipping-taxable","12":"purchasable","13":"product-type-simple"},"_links":{"self":[{"href":"https:\/\/shop.vallin.lv\/lt\/wp-json\/wp\/v2\/product\/28757","targetHints":{"allow":["GET"]}}],"collection":[{"href":"https:\/\/shop.vallin.lv\/lt\/wp-json\/wp\/v2\/product"}],"about":[{"href":"https:\/\/shop.vallin.lv\/lt\/wp-json\/wp\/v2\/types\/product"}],"version-history":[{"count":4,"href":"https:\/\/shop.vallin.lv\/lt\/wp-json\/wp\/v2\/product\/28757\/revisions"}],"predecessor-version":[{"id":57177,"href":"https:\/\/shop.vallin.lv\/lt\/wp-json\/wp\/v2\/product\/28757\/revisions\/57177"}],"wp:featuredmedia":[{"embeddable":true,"href":"https:\/\/shop.vallin.lv\/lt\/wp-json\/wp\/v2\/product\/28757"}],"wp:attachment":[{"href":"https:\/\/shop.vallin.lv\/lt\/wp-json\/wp\/v2\/media?parent=28757"}],"wp:term":[{"taxonomy":"product_brand","embeddable":true,"href":"https:\/\/shop.vallin.lv\/lt\/wp-json\/wp\/v2\/product_brand?post=28757"},{"taxonomy":"product_cat","embeddable":true,"href":"https:\/\/shop.vallin.lv\/lt\/wp-json\/wp\/v2\/product_cat?post=28757"},{"taxonomy":"product_tag","embeddable":true,"href":"https:\/\/shop.vallin.lv\/lt\/wp-json\/wp\/v2\/product_tag?post=28757"}],"curies":[{"name":"wp","href":"https:\/\/api.w.org\/{rel}","templated":true}]}}