{"id":28739,"date":"2025-12-10T19:24:21","date_gmt":"2025-12-10T17:24:21","guid":{"rendered":"https:\/\/shop.vallin.lv\/product\/encapsulated-single-phase-control-switching-and-isolation-transformer-ip-20-200-va-e-230-400-460-v-s-24-48-v\/"},"modified":"2026-03-12T15:24:08","modified_gmt":"2026-03-12T13:24:08","slug":"encapsulated-single-phase-control-switching-and-isolation-transformer-ip-20-200-va-e-230-400-460-v-s-24-48-v","status":"publish","type":"product","link":"https:\/\/shop.vallin.lv\/lt\/produktas\/encapsulated-single-phase-control-switching-and-isolation-transformer-ip-20-200-va-e-230-400-460-v-s-24-48-v\/","title":{"rendered":"Inkapsuliuoti vienfaziai valdymo, perjungimo ir izoliacijos transformatoriai IP-20 200 VA E\/230-400-460 V S\/24-48 V"},"content":{"rendered":"<p><a href=\"https:\/\/polylux.com\/en\/transformers\/control\/p-q-n-ip-pxr-series\/\" target=\"_blank\">Daugiau informacijos<\/a><\/p>\n<p>Duomen\u0173 lapas:<br \/>\n<a href=\"https:\/\/polylux.com\/en\/transformers\/control\/p-q-n-ip-pxr-series\/\" target=\"_blank\">Per\u017ei\u016br\u0117ti<\/a><\/p>\n<p>Sertifikatas:<br \/>\n<a href=\"https:\/\/www.polylux.com\/images\/files\/company\/Declaracion_series_N_PIN_TU1P_TU3P_IPB_IPD.pdf\" target=\"_blank\">Declaracion_series_N_PIN_TU1P_TU3P_IPB_IPD.pdf<\/a><\/p>","protected":false},"excerpt":{"rendered":"<p>More information Data Sheet: View Certificate: Declaracion_series_N_PIN_TU1P_TU3P_IPB_IPD.pdf<\/p>","protected":false},"featured_media":28739,"template":"","meta":[],"product_brand":[],"product_cat":[813],"product_tag":[],"class_list":{"0":"post-28739","1":"product","2":"type-product","3":"status-publish","4":"has-post-thumbnail","6":"product_cat-control-and-safety-transformers","8":"first","9":"outofstock","10":"taxable","11":"shipping-taxable","12":"purchasable","13":"product-type-simple"},"_links":{"self":[{"href":"https:\/\/shop.vallin.lv\/lt\/wp-json\/wp\/v2\/product\/28739","targetHints":{"allow":["GET"]}}],"collection":[{"href":"https:\/\/shop.vallin.lv\/lt\/wp-json\/wp\/v2\/product"}],"about":[{"href":"https:\/\/shop.vallin.lv\/lt\/wp-json\/wp\/v2\/types\/product"}],"version-history":[{"count":4,"href":"https:\/\/shop.vallin.lv\/lt\/wp-json\/wp\/v2\/product\/28739\/revisions"}],"predecessor-version":[{"id":57159,"href":"https:\/\/shop.vallin.lv\/lt\/wp-json\/wp\/v2\/product\/28739\/revisions\/57159"}],"wp:featuredmedia":[{"embeddable":true,"href":"https:\/\/shop.vallin.lv\/lt\/wp-json\/wp\/v2\/product\/28739"}],"wp:attachment":[{"href":"https:\/\/shop.vallin.lv\/lt\/wp-json\/wp\/v2\/media?parent=28739"}],"wp:term":[{"taxonomy":"product_brand","embeddable":true,"href":"https:\/\/shop.vallin.lv\/lt\/wp-json\/wp\/v2\/product_brand?post=28739"},{"taxonomy":"product_cat","embeddable":true,"href":"https:\/\/shop.vallin.lv\/lt\/wp-json\/wp\/v2\/product_cat?post=28739"},{"taxonomy":"product_tag","embeddable":true,"href":"https:\/\/shop.vallin.lv\/lt\/wp-json\/wp\/v2\/product_tag?post=28739"}],"curies":[{"name":"wp","href":"https:\/\/api.w.org\/{rel}","templated":true}]}}